{"id":16,"date":"2020-01-19T09:52:48","date_gmt":"2020-01-19T09:52:48","guid":{"rendered":"https:\/\/www.ridgebackclub.be\/?page_id=16"},"modified":"2020-03-02T10:36:46","modified_gmt":"2020-03-02T10:36:46","slug":"huisreglement","status":"publish","type":"page","link":"https:\/\/www.ridgebackclub.be\/fr\/huisreglement\/","title":{"rendered":"R\u00e8glement Interne"},"content":{"rendered":"<div data-elementor-type=\"wp-page\" data-elementor-id=\"16\" class=\"elementor elementor-16\">\n\t\t\t\t\t\t<section class=\"elementor-section elementor-top-section elementor-element elementor-element-a673fd8 elementor-section-boxed elementor-section-height-default elementor-section-height-default\" data-id=\"a673fd8\" data-element_type=\"section\">\n\t\t\t\t\t\t<div class=\"elementor-container elementor-column-gap-default\">\n\t\t\t\t\t<div class=\"elementor-column elementor-col-100 elementor-top-column elementor-element elementor-element-0b7f3a0\" data-id=\"0b7f3a0\" data-element_type=\"column\">\n\t\t\t<div class=\"elementor-widget-wrap elementor-element-populated\">\n\t\t\t\t\t\t<div class=\"elementor-element elementor-element-cfa988c elementor-widget elementor-widget-heading\" data-id=\"cfa988c\" data-element_type=\"widget\" data-widget_type=\"heading.default\">\n\t\t\t\t<div class=\"elementor-widget-container\">\n\t\t\t\t\t<h3 class=\"elementor-heading-title elementor-size-default\">R\u00e8glement Interne<\/h3>\t\t\t\t<\/div>\n\t\t\t\t<\/div>\n\t\t\t\t<section class=\"elementor-section elementor-inner-section elementor-element elementor-element-a1f32e6 elementor-section-boxed elementor-section-height-default elementor-section-height-default\" data-id=\"a1f32e6\" data-element_type=\"section\">\n\t\t\t\t\t\t<div class=\"elementor-container elementor-column-gap-default\">\n\t\t\t\t\t<div class=\"elementor-column elementor-col-50 elementor-inner-column elementor-element elementor-element-bb27fa4\" data-id=\"bb27fa4\" data-element_type=\"column\">\n\t\t\t<div class=\"elementor-widget-wrap elementor-element-populated\">\n\t\t\t\t\t\t<div class=\"elementor-element elementor-element-fcfbbc9 elementor-widget elementor-widget-text-editor\" data-id=\"fcfbbc9\" data-element_type=\"widget\" data-widget_type=\"text-editor.default\">\n\t\t\t\t<div class=\"elementor-widget-container\">\n\t\t\t\t\t\t\t\t\t<p><span style=\"color: #b2520b;\"><strong><span lang=\"NL-BE\">Article 1<\/span><\/strong><\/span><\/p><p><span lang=\"NL-BE\" style=\"color: #66462f;\">Le conseil d\u2019administration est compos\u00e9 d\u2019au moins quatre membres et peut compter huit membres au maximum, y compris le \u00abbureau\u00bb.\nIl se r\u00e9unira quatre fois par an avant chaque parution du bulletin du club et chaque fois que cela sera n\u00e9cessaire au bon fonctionnement du club.\nLes membres du conseil d\u2019administration seront convoqu\u00e9s environ sept jours avant la r\u00e9union.<\/span><\/p>\t\t\t\t\t\t\t\t<\/div>\n\t\t\t\t<\/div>\n\t\t\t\t\t<\/div>\n\t\t<\/div>\n\t\t\t\t<div class=\"elementor-column elementor-col-50 elementor-inner-column elementor-element elementor-element-b0a61b5\" data-id=\"b0a61b5\" data-element_type=\"column\">\n\t\t\t<div class=\"elementor-widget-wrap elementor-element-populated\">\n\t\t\t\t\t\t<div class=\"elementor-element elementor-element-016b801 elementor-widget elementor-widget-image\" data-id=\"016b801\" data-element_type=\"widget\" data-widget_type=\"image.default\">\n\t\t\t\t<div class=\"elementor-widget-container\">\n\t\t\t\t\t\t\t\t\t\t\t\t\t\t\t<img fetchpriority=\"high\" decoding=\"async\" width=\"300\" height=\"222\" src=\"https:\/\/www.ridgebackclub.be\/wp-content\/uploads\/2020\/01\/48373687_316509489202005_6415983968247611392_n-300x222.png\" class=\"attachment-medium size-medium wp-image-340\" alt=\"\" srcset=\"https:\/\/www.ridgebackclub.be\/wp-content\/uploads\/2020\/01\/48373687_316509489202005_6415983968247611392_n-300x222.png 300w, https:\/\/www.ridgebackclub.be\/wp-content\/uploads\/2020\/01\/48373687_316509489202005_6415983968247611392_n.png 520w\" sizes=\"(max-width: 300px) 100vw, 300px\" \/>\t\t\t\t\t\t\t\t\t\t\t\t\t\t\t<\/div>\n\t\t\t\t<\/div>\n\t\t\t\t\t<\/div>\n\t\t<\/div>\n\t\t\t\t\t<\/div>\n\t\t<\/section>\n\t\t\t\t<div class=\"elementor-element elementor-element-428a4b0 elementor-widget elementor-widget-text-editor\" data-id=\"428a4b0\" data-element_type=\"widget\" data-widget_type=\"text-editor.default\">\n\t\t\t\t<div class=\"elementor-widget-container\">\n\t\t\t\t\t\t\t\t\t<p style=\"font-size: 18px; text-align: left; letter-spacing: -0.27px;\"><span style=\"color: #66462f;\"><strong>Le pr\u00e9sident doit:<\/strong><\/span><\/p><p style=\"font-size: 18px; text-align: left; letter-spacing: -0.27px;\"><span style=\"color: #66462f;\">\u00ad\u00e9tablir l'ordre du jour des r\u00e9unions en concertation avec le secr\u00e9taire;<\/span><\/p><p style=\"font-size: 18px; text-align: left; letter-spacing: -0.27px;\"><span style=\"color: #66462f;\">\u00adpr\u00e9sider les r\u00e9unions du conseil d\u2019administration et de l'assembl\u00e9e g\u00e9n\u00e9rale;<\/span><\/p><p style=\"font-size: 18px; text-align: left; letter-spacing: -0.27px;\"><span style=\"color: #66462f;\">\u00adprendre contact avec les autorit\u00e9s responsables chaque fois que cela s'imposera pour les manifestations de tout ordre.<\/span><\/p><p style=\"font-size: 18px; text-align: left; letter-spacing: -0.27px;\"><span style=\"color: #66462f;\"><strong>Le vice-pr\u00e9sident doit:<\/strong><\/span><\/p><p style=\"font-size: 18px; text-align: left; letter-spacing: -0.27px;\"><span style=\"color: #66462f;\">assister le Pr\u00e9sident dans les diff\u00e9rentes t\u00e2ches qui lui sont attribu\u00e9es.<\/span><\/p><p style=\"font-size: 18px; text-align: left; letter-spacing: -0.27px;\"><span style=\"color: #66462f;\"><strong>Le secr\u00e9taire doit<\/strong><\/span><\/p><p style=\"font-size: 18px; text-align: left; letter-spacing: -0.27px;\"><span style=\"color: #66462f;\">g\u00e9rer le secr\u00e9tariat du club, et notamment<\/span><\/p><p style=\"font-size: 18px; text-align: left; letter-spacing: -0.27px;\"><span style=\"color: #66462f;\">-convoquer les membres du conseil d\u2019administration aux r\u00e9unions;<\/span><\/p><p style=\"font-size: 18px; text-align: left; letter-spacing: -0.27px;\"><span style=\"color: #66462f;\">-r\u00e9ceptionner le courrier adress\u00e9 au club et y r\u00e9pondre le plus rapidement possible sauf dans les cas o\u00f9 l'avis du conseil d\u2019administration est requis ;<\/span><\/p><p style=\"font-size: 18px; text-align: left; letter-spacing: -0.27px;\"><span style=\"color: #66462f;\">-tenir le conseil d\u2019administration inform\u00e9 des \u00e9changes de courrier importants lors des r\u00e9unions ;<\/span><\/p><p style=\"font-size: 18px; text-align: left; letter-spacing: -0.27px;\"><span style=\"color: #66462f;\">-dresser le proc\u00e8s-verbal de chaque r\u00e9union et le lire \u00e0 la r\u00e9union suivante pour son approbation ; celui-ci devra \u00eatre sign\u00e9 ;<\/span><\/p><p style=\"font-size: 18px; text-align: left; letter-spacing: -0.27px;\"><span style=\"color: #66462f;\">-convoquer les membres pour l'assembl\u00e9e g\u00e9n\u00e9rale.<\/span><\/p><p style=\"font-size: 18px; text-align: left; letter-spacing: -0.27px;\"><span style=\"color: #66462f;\">-assurer l\u2019envoi aux membres du magazine et de tous autres documents.<\/span><\/p><p style=\"font-size: 18px; text-align: left; letter-spacing: -0.27px;\"><span style=\"color: #66462f;\"><strong>Le tr\u00e9sorier doit:<\/strong><\/span><\/p><p style=\"font-size: 18px; text-align: left; letter-spacing: -0.27px;\"><span style=\"color: #66462f;\">-veiller \u00e0 la bonne gestion des comptes ;<\/span><\/p><p style=\"font-size: 18px; text-align: left; letter-spacing: -0.27px;\"><span style=\"color: #66462f;\">-rendre compte de la situation financi\u00e8re lors de chaque r\u00e9union ;<\/span><\/p><p style=\"font-size: 18px; text-align: left; letter-spacing: -0.27px;\"><span style=\"color: #66462f;\">-effectuer les payements d\u00e9cid\u00e9s par le conseil d\u2019administration.<\/span><\/p><p style=\"font-size: 18px; text-align: left; letter-spacing: -0.27px;\"><span style=\"color: #66462f;\">-mettre les livres de comptes \u00e0 la disposition des membres lors de l'assembl\u00e9e g\u00e9n\u00e9rale.<\/span><\/p><p style=\"font-size: 18px; text-align: left; letter-spacing: -0.27px;\"><span style=\"color: #66462f;\"><strong>Le commissaire doit:<\/strong><\/span><\/p><p style=\"font-size: 18px; text-align: left; letter-spacing: -0.27px;\"><span style=\"color: #66462f;\">-entretenir les relations avec la Soci\u00e9t\u00e9 Royale Saint Hubert ;<\/span><\/p><p style=\"font-size: 18px; text-align: left; letter-spacing: -0.27px;\"><span style=\"color: #66462f;\">-participer aux r\u00e9unions de la S.R.S.H.<\/span><\/p><p style=\"font-size: 18px; text-align: left; letter-spacing: -0.27px;\"><span style=\"color: #66462f;\">Les modalit\u00e9s pour l\u2019\u00e9tablissement de l\u2019inventaire des nich\u00e9es sont fix\u00e9es dans le code \u00e9thique.<\/span><\/p><p style=\"font-size: 18px; text-align: left; letter-spacing: -0.27px; padding-left: 40px;\"><span style=\"color: #66462f;\"><em>dans <span style=\"text-decoration: underline;\"><a href=\"https:\/\/www.ridgebackclub.be\/fr\/ethische-code\/\">ethische code<\/a><\/span>.<\/em><\/span><\/p><p><span style=\"color: #b2520b;\"><strong>Article 2<\/strong><\/span><\/p><p><span style=\"color: #66462f;\">Assembl\u00e9e g\u00e9n\u00e9rale : voir les articles 26 \u00e0 37 des Statuts.<\/span><\/p><p><span style=\"color: #66462f;\">Un membre peut se faire repr\u00e9senter par un autre membre (statuts art.26, 2\u00b0\u00a7 )  au moyen d\u2019une procuration.<\/span><\/p><p><span style=\"color: #66462f;\">Un document pr\u00e9vu \u00e0 cet effet sera dat\u00e9, sign\u00e9 par le mandant en mentionnant son num\u00e9ro de t\u00e9l\u00e9phone. Ce document accompagn\u00e9 d\u2019une copie de la carte d\u2019identit\u00e9 du mandant, sera renvoy\u00e9 au secr\u00e9tariat trois jours ouvrables avant l\u2019Assembl\u00e9e g\u00e9n\u00e9rale. Un membre ne peut d\u00e9tenir qu\u2019une seule procuration.<\/span><\/p><p><span style=\"color: #b2520b;\"><strong>Article 3<\/strong><\/span><\/p><p><span style=\"color: #66462f;\"><strong>Le conseil d\u2019administration :<\/strong><\/span><\/p><p><span style=\"color: #66462f;\">-dirige le club;<\/span><\/p><p><span style=\"color: #66462f;\">-d\u00e9signe les membres du Bureau : pr\u00e9sident, vice-pr\u00e9sident, secr\u00e9taire et tr\u00e9sorier;<\/span><\/p><p><span style=\"color: #66462f;\">-prend toutes d\u00e9cisions relatives \u00e0 la race du Rhodesian Ridgeback (am\u00e9lioration, bien \u00eatre et sant\u00e9 de la race);<\/span><\/p><p><span style=\"color: #66462f;\">-fixe les dates et d\u00e9finit les types d\u2019activit\u00e9s du club;<\/span><\/p><p><span style=\"color: #66462f;\">-\u00e9tablit le r\u00e8glement d\u2019ordre int\u00e9rieur et le code \u00e9thique.<\/span><\/p><p><span style=\"color: #66462f;\">Chaque membre du Conseil d\u2019administration prendra la parole dans sa langue maternelle. Afin d\u2019assurer l\u2019efficacit\u00e9 des travaux, il est souhaitable que les administrateurs disposent d\u2019au moins une connaissance passive de la seconde langue national.<\/span><\/p><p><span style=\"color: #66462f;\">Avant de pouvoir occuper une fonction au sein du Conseil d\u2019administration, il en avoir \u00e9t\u00e9 membre depuis au moins un an (voir l\u2019article 6 des Statuts).<\/span><\/p><p><span style=\"color: #b2520b;\"><strong>Article 4<\/strong><\/span><\/p><p><span style=\"color: #66462f;\">La cotisation annuelle sera fix\u00e9e lors de la derni\u00e8re r\u00e9union du conseil d\u2019administration de l\u2019ann\u00e9e.<\/span><\/p><p><span style=\"color: #66462f;\">Cette cotisation donne le droit de participer aux activit\u00e9s du club, de recevoir le bulletin et d\u2019obtenir les conseils que les membres du conseil d\u2019administration peuvent fournir.<\/span><\/p><p><span style=\"color: #66462f;\">Tous les \u00e9leveurs pourront offrir un an de cotisation aux futurs propri\u00e9taires (non-membres) moyennant un montant fix\u00e9 \u00e0 l\u2019avance ; ce montant est publi\u00e9 au bulletin.<\/span><\/p><p><span style=\"color: #b2520b;\"><strong>Article 5<\/strong><\/span><\/p><p><span style=\"color: #66462f;\">Le prix des annonces sera fix\u00e9 au cours de la derni\u00e8re r\u00e9union du conseil d\u2019administration de l\u2019ann\u00e9e.<\/span><\/p><p><span style=\"color: #b2520b;\"><strong>Article 6<\/strong><\/span><\/p><p><span style=\"color: #66462f;\">Le bulletin du club sera publi\u00e9 quatre fois par an. On y trouvera:<\/span><\/p><p><span style=\"color: #66462f;\">-le compte-rendu des r\u00e9unions du conseil d\u2019administration;<\/span><\/p><p><span style=\"color: #66462f;\">-des articles concernant le Rhodesian Ridgeback;<\/span><\/p><p><span style=\"color: #66462f;\">-des articles de m\u00e9decine v\u00e9t\u00e9rinaire;<\/span><\/p><p><span style=\"color: #66462f;\">-des articles d'int\u00e9r\u00eat g\u00e9n\u00e9ral;<\/span><\/p><p><span style=\"color: #66462f;\">-les r\u00e9sultats des concours auxquels les membres ont particip\u00e9 ;<\/span><\/p><p><span style=\"color: #66462f;\">-les articles propos\u00e9s par des membres ainsi que l\u2019annonce des diff\u00e9rentes activit\u00e9s du club.<\/span><\/p><p><span style=\"color: #66462f;\">ect.<\/span><\/p><p><span style=\"color: #66462f;\">Tout article devra \u00eatre en possession du r\u00e9dacteur au moins un mois avant la publication du bulletin. Les articles soumis au-del\u00e0 de ce d\u00e9lai seront publi\u00e9s dans l\u2019\u00e9dition suivante.<\/span><\/p><p><span style=\"color: #b2520b;\"><strong>Article 7<\/strong><\/span><\/p><p><span style=\"color: #66462f;\"><strong>Activit\u00e9s du club.<\/strong><\/span><\/p><p><span style=\"color: #66462f;\">-des promenades seront organis\u00e9es par le club dans l\u2019ensemble du  pays;<\/span><\/p><p><span style=\"color: #66462f;\">-une fois par an le conseil d\u2019administration organisera une journ\u00e9e du Rhodesian Ridgeback en Belgique.<\/span><\/p><p><span style=\"color: #66462f;\">Le programme sera \u00e9tabli par le conseil d\u2019administration et la manifestation sera patronn\u00e9e par la S.R.S.H. dont le r\u00e8glement sera respect\u00e9.<\/span><\/p><p><span style=\"color: #66462f;\">Des sp\u00e9ciales de race pourront \u00eatre organis\u00e9es pendant une exposition reconnue par la S.R.S.H. et le conseil d\u2019administration remettra coupes et souvenirs aux participants.<\/span><\/p><p><span style=\"color: #66462f;\">D'autres activit\u00e9s pourront \u00eatre programm\u00e9es apr\u00e8s d\u00e9cision du conseil d\u2019administration.<\/span><\/p><p><span style=\"color: #66462f;\">Chaque activit\u00e9 du club devra \u00eatre planifi\u00e9e suffisamment \u00e0 l\u2019avance afin de pouvoir r\u00e9gler toutes les formalit\u00e9s, telles que la publicit\u00e9 et les autorisations (communales et de la S.R.S.H.).<\/span><\/p><p><span style=\"color: #66462f;\">Pour participer \u00e0 nos activit\u00e9s, les chiens doivent \u00eatre en ordre de vaccination. Le carnet de sant\u00e9 ou le passeport doivent pouvoir \u00eatre pr\u00e9sent\u00e9s \u00e0 tout moment. Chacun participera \u00e0 ses risques et p\u00e9rils, le club d\u00e9clinant toute responsabilit\u00e9 en cas d\u2019accident. Chaque participant est suppos\u00e9 \u00eatre en r\u00e8gle avec son assurance responsabilit\u00e9 civile (familiale).<\/span><\/p><p><span style=\"color: #b2520b;\"><strong>Article 8<\/strong><\/span><\/p><p><span style=\"color: #66462f;\">Les membres.<\/span><\/p><p><span style=\"color: #66462f;\">Affiliation: voir les articles 6, 7 et 8 des Statuts.<\/span><\/p><p><span style=\"color: #66462f;\">Membres effectifs: les membres principaux et membres accessoires.<\/span><\/p><p><span style=\"color: #66462f;\">Membres adh\u00e9rents (sympathisants): affiliation provisoire, membres d\u2019honneur etc. : sur d\u00e9cision du conseil d\u2019administration.<\/span><\/p><p><span style=\"color: #b2520b;\"><strong>Article 9<\/strong><\/span><\/p><p><span style=\"color: #66462f;\">Les statuts et le r\u00e8glement d\u2019ordre int\u00e9rieur seront remis \u00e0 chaque nouveau membre apr\u00e8s son affiliation.\nChaque modification sera publi\u00e9e au bulletin.<\/span><\/p><p><span style=\"color: #b2520b;\"><strong>Article 10<\/strong><\/span><\/p><p><span style=\"color: #66462f;\">Tout article \u00e9manant d'un membre du club et paraissant dans des revues autres que le bulletin du club (Wouf, revues canines, t\u00e9l\u00e9vision, radio \u2026) concernant le Rhodesian Ridgeback doit \u00eatre impersonnel et dans l'int\u00e9r\u00eat du club.<\/span><\/p>\t\t\t\t\t\t\t\t<\/div>\n\t\t\t\t<\/div>\n\t\t\t\t\t<\/div>\n\t\t<\/div>\n\t\t\t\t\t<\/div>\n\t\t<\/section>\n\t\t\t\t<\/div>","protected":false},"excerpt":{"rendered":"<p>Huisreglement Artikel 1 De Raad van Bestuur is samengesteld uit een minimum van 4 en een maximum van 8 leden met inbegrip van het \u2018Bureau\u2019. De Raad van Bestuur komt 4 maal per jaar bijeen voor ieder verschijnen van het Clubblad en telkens het noodzakelijk is voor de goede werking van de club De leden [&hellip;]<\/p>\n","protected":false},"author":1,"featured_media":0,"parent":0,"menu_order":0,"comment_status":"closed","ping_status":"closed","template":"elementor_header_footer","meta":{"footnotes":""},"_links":{"self":[{"href":"https:\/\/www.ridgebackclub.be\/fr\/wp-json\/wp\/v2\/pages\/16"}],"collection":[{"href":"https:\/\/www.ridgebackclub.be\/fr\/wp-json\/wp\/v2\/pages"}],"about":[{"href":"https:\/\/www.ridgebackclub.be\/fr\/wp-json\/wp\/v2\/types\/page"}],"author":[{"embeddable":true,"href":"https:\/\/www.ridgebackclub.be\/fr\/wp-json\/wp\/v2\/users\/1"}],"replies":[{"embeddable":true,"href":"https:\/\/www.ridgebackclub.be\/fr\/wp-json\/wp\/v2\/comments?post=16"}],"version-history":[{"count":15,"href":"https:\/\/www.ridgebackclub.be\/fr\/wp-json\/wp\/v2\/pages\/16\/revisions"}],"predecessor-version":[{"id":741,"href":"https:\/\/www.ridgebackclub.be\/fr\/wp-json\/wp\/v2\/pages\/16\/revisions\/741"}],"wp:attachment":[{"href":"https:\/\/www.ridgebackclub.be\/fr\/wp-json\/wp\/v2\/media?parent=16"}],"curies":[{"name":"wp","href":"https:\/\/api.w.org\/{rel}","templated":true}]}}