{"id":18,"date":"2020-01-19T09:52:48","date_gmt":"2020-01-19T09:52:48","guid":{"rendered":"https:\/\/www.ridgebackclub.be\/?page_id=18"},"modified":"2023-12-11T09:59:38","modified_gmt":"2023-12-11T09:59:38","slug":"rasstandaard","status":"publish","type":"page","link":"https:\/\/www.ridgebackclub.be\/fr\/rasstandaard\/","title":{"rendered":"Standard"},"content":{"rendered":"<div data-elementor-type=\"wp-page\" data-elementor-id=\"18\" class=\"elementor elementor-18\">\n\t\t\t\t\t\t<section class=\"elementor-section elementor-top-section elementor-element elementor-element-95a3c11 elementor-section-boxed elementor-section-height-default elementor-section-height-default\" data-id=\"95a3c11\" data-element_type=\"section\">\n\t\t\t\t\t\t<div class=\"elementor-container elementor-column-gap-default\">\n\t\t\t\t\t<div class=\"elementor-column elementor-col-100 elementor-top-column elementor-element elementor-element-1d33824\" data-id=\"1d33824\" data-element_type=\"column\">\n\t\t\t<div class=\"elementor-widget-wrap elementor-element-populated\">\n\t\t\t\t\t\t<div class=\"elementor-element elementor-element-6fbe45c elementor-widget elementor-widget-heading\" data-id=\"6fbe45c\" data-element_type=\"widget\" data-widget_type=\"heading.default\">\n\t\t\t\t<div class=\"elementor-widget-container\">\n\t\t\t\t\t<h3 class=\"elementor-heading-title elementor-size-default\">Standard<\/h3>\t\t\t\t<\/div>\n\t\t\t\t<\/div>\n\t\t\t\t<div class=\"elementor-element elementor-element-a9cdecf elementor-widget elementor-widget-text-editor\" data-id=\"a9cdecf\" data-element_type=\"widget\" data-widget_type=\"text-editor.default\">\n\t\t\t\t<div class=\"elementor-widget-container\">\n\t\t\t\t\t\t\t\t\t<p><span style=\"color: #f4a100;\"><strong><img fetchpriority=\"high\" decoding=\"async\" class=\"size-medium wp-image-543 alignright\" src=\"https:\/\/www.ridgebackclub.be\/wp-content\/uploads\/2020\/02\/met_hondje-300x210.jpg\" alt=\"\" width=\"300\" height=\"210\" srcset=\"https:\/\/www.ridgebackclub.be\/wp-content\/uploads\/2020\/02\/met_hondje-300x210.jpg 300w, https:\/\/www.ridgebackclub.be\/wp-content\/uploads\/2020\/02\/met_hondje.jpg 480w\" sizes=\"(max-width: 300px) 100vw, 300px\" \/><span style=\"color: #d38d11;\">Origine<\/span><\/strong><\/span><\/p>\n<p><span style=\"color: #66462f;\">Afrique du sud. Standard livr\u00e9 par le Kennel Union of Southern Africa et le Zimbabwe Kennel Club.<\/span><\/p>\n<p><span style=\"color: #66462f;\"><em>DATE DE PUBLICATION DU STANDARD ORIGINAL VALABLE<\/em><\/span><\/p>\n<p><span style=\"color: #66462f;\"><em>10.12.1996.<\/em><\/span><\/p>\n<p><span style=\"color: #d38d11;\"><strong>UTILISATION<\/strong><\/span><\/p>\n<p><span style=\"color: #66462f;\">Le Rhodesian Ridgeback est toujours employ\u00e9 pour la chasse dans diverses parties du monde, mais il surtout estim\u00e9 comme chien de garde et de famille.<\/span><\/p>\n<p><span style=\"color: #d38d11;\"><strong>FCI CLASSIFICATION<\/strong><\/span><\/p>\n<p><span style=\"color: #66462f;\">Groep 6 Lopende honden en zweethonden.<\/span><\/p>\n<p><span style=\"color: #66462f;\">Section 3: Races apparent\u00e9es.<\/span><\/p>\n<p><span style=\"color: #d38d11;\"><strong>BREF HISTORIQUE<\/strong><\/span><\/p>\n<p><span style=\"color: #655a68;\"><span style=\"color: #66462f;\">Le Rhodesian Ridgeback est actuellement le seul chien autochtone enregistr\u00e9 d\u2019Afrique du Sud. Ses anc\u00eatres proviennent de la colonie du<\/span> <span style=\"color: #66462f;\">Cap du sud de l\u2019Afrique o\u00f9 ils furent crois\u00e9s avec les premiers chiens des pionniers primitifs et avec le chien \u00e0 cr\u00eate dorsale des Hottentots. Chassant en groupe de deux ou trois, leur fonction ancestrale \u00e9tait de traquer le fauve, sp\u00e9cialement le lion et avec une agilit\u00e9 \u00e9tonnante l\u2019acculer aux abois jusqu\u2019\u00e0 l\u2019arriv\u00e9e des chasseurs.<\/span><\/span><\/p>\n<p><span style=\"color: #66462f;\">Le premier standard, r\u00e9dig\u00e9 par F.R. Barnes en 1922 \u00e0 Bulaway Rhod\u00e9sie, \u00e9tait inspir\u00e9 par celui du dalmatien et fut approuv\u00e9 par le South African Kennel Union en 1926.<\/span><\/p>\n<p><span style=\"color: #d38d11;\"><strong>ASPECT GENERAL<\/strong><\/span><\/p>\n<p><span style=\"color: #66462f;\">Le Rhodesian Ridgeback est un chien bien \u00e9quilibr\u00e9, fort, muscl\u00e9, agile et actif, harmonieux dans sa silhouette, capable d\u2019une grande endurance et de bonnes pointes de vitesse. L\u2019accent est mis sur agilit\u00e9, \u00e9l\u00e9gance et sa constitution doit \u00eatre saine, sans lourdeur. La particularit\u00e9 de la race est la cr\u00eate sur le dos form\u00e9e par le poil poussant dans le sens oppos\u00e9 au reste du pelage.<\/span><\/p>\n<p><span style=\"color: #66462f;\">La cr\u00eate est la caract\u00e9ristique de la race. La cr\u00eate doit \u00eatre bien d\u00e9finie, sym\u00e9trique et s\u2019effiler vers l\u2019arri\u00e8re. Elle doit commencer imm\u00e9diatement derri\u00e8re les \u00e9paules et continuer vers les hanches. Elle doit pr\u00e9senter deux couronnes identiques et parall\u00e8les.<\/span><\/p>\n<p><span style=\"color: #66462f;\">Les bords inf\u00e9rieurs des couronnes ne peuvent d\u00e9passer les deux tiers de la longueur de la cr\u00eate.<\/span><\/p>\n<p><span style=\"color: #66462f;\">Une largeur moyenne est de 5 cm.<\/span><\/p>\n<p><span style=\"color: #d38d11;\"><strong>COMPORTEMENT\/TEMPERAMENT<\/strong><\/span><\/p>\n<p><span style=\"color: #66462f;\">Digne, intelligent, distant, mais sans agressivit\u00e9 ou timidit\u00e9.<\/span><\/p>\n<p><span style=\"color: #d38d11;\"><strong>T\u00caTE<\/strong><\/span><\/p>\n<p style=\"padding-left: 40px;\"><span style=\"text-decoration: underline;\"><span style=\"color: #66462f; text-decoration: underline;\"><strong>Region Cranienne<\/strong><\/span><\/span><\/p>\n<p style=\"padding-left: 40px;\"><span style=\"color: #66462f;\"><strong>Cr\u00e2ne:<\/strong>:&nbsp;moet een&nbsp;<\/span><\/p>\n<p><img decoding=\"async\" class=\"size-medium wp-image-569 alignright\" style=\"color: #66462f;\" src=\"https:\/\/www.ridgebackclub.be\/wp-content\/uploads\/2020\/02\/84609421_193987248680883_9218663674661568512_n-200x300.jpg\" alt=\"\" width=\"200\" height=\"300\" srcset=\"https:\/\/www.ridgebackclub.be\/wp-content\/uploads\/2020\/02\/84609421_193987248680883_9218663674661568512_n-200x300.jpg 200w, https:\/\/www.ridgebackclub.be\/wp-content\/uploads\/2020\/02\/84609421_193987248680883_9218663674661568512_n-683x1024.jpg 683w, https:\/\/www.ridgebackclub.be\/wp-content\/uploads\/2020\/02\/84609421_193987248680883_9218663674661568512_n-768x1152.jpg 768w, https:\/\/www.ridgebackclub.be\/wp-content\/uploads\/2020\/02\/84609421_193987248680883_9218663674661568512_n-1024x1536.jpg 1024w, https:\/\/www.ridgebackclub.be\/wp-content\/uploads\/2020\/02\/84609421_193987248680883_9218663674661568512_n-1365x2048.jpg 1365w, https:\/\/www.ridgebackclub.be\/wp-content\/uploads\/2020\/02\/84609421_193987248680883_9218663674661568512_n-1200x1800.jpg 1200w, https:\/\/www.ridgebackclub.be\/wp-content\/uploads\/2020\/02\/84609421_193987248680883_9218663674661568512_n-1980x2970.jpg 1980w, https:\/\/www.ridgebackclub.be\/wp-content\/uploads\/2020\/02\/84609421_193987248680883_9218663674661568512_n-scaled.jpg 1707w\" sizes=\"(max-width: 200px) 100vw, 200px\" \/><\/p>\n<p style=\"padding-left: 40px;\"><span style=\"color: #66462f;\">bonne longueur (largeur du cr\u00e2ne entre les oreilles, la distance de l\u2019occiput au stop, et du stop au bout de la truffe, doit \u00eatre \u00e9gale), \u00eatre plat et large entre les oreilles; au repos la t\u00eate doit \u00eatre exempte de rides<\/span><\/p>\n<p style=\"padding-left: 40px;\"><span style=\"color: #66462f;\"><strong>Cassure du nez (stop):<\/strong>:&nbsp;de stop moet mooi afgetekend zijn, niet in een rechte lijn van de neus naar het schedelbeen.<\/span><\/p>\n<p style=\"padding-left: 40px;\"><span style=\"text-decoration: underline;\"><span style=\"color: #66462f; text-decoration: underline;\"><strong>Region Faciale<\/strong><\/span><\/span><\/p>\n<p style=\"padding-left: 40px;\"><span style=\"color: #66462f;\"><strong>La truffe<\/strong>&nbsp;la truffe doit \u00eatre brune ou noire. Une truffe noire doit accompagner des yeux fonc\u00e9s, une truffe brune des yeux de couleur ambre<\/span><\/p>\n<p style=\"padding-left: 40px;\"><span style=\"color: #66462f;\"><strong>Museau:<\/strong>:&nbsp;deze moet lang, diep en krachtig zijn.<\/span><\/p>\n<p style=\"padding-left: 40px;\"><span style=\"color: #66462f;\"><strong>L\u00e8vres:<\/strong>&nbsp;Les l\u00e8vres propres, bien adapt\u00e9es aux m\u00e2choires.<\/span><\/p>\n<p style=\"padding-left: 40px;\"><span style=\"color: #66462f;\"><strong>Bouche:<\/strong>&nbsp;de fortes m\u00e2choires avec la dentition en forme de ciseaux parfaits, c.\u00e0.d. les dents sup\u00e9rieures recouvrent \u00e9troitement les dents inf\u00e9rieures et en angle droit sur les m\u00e2choires. Les dents doivent \u00eatre bien d\u00e9velopp\u00e9es, en particulier les canines.<\/span><\/p>\n<p style=\"padding-left: 40px;\"><span style=\"color: #66462f;\"><strong>Joues<\/strong>: Les joues doivent \u00eatre propres.<\/span><\/p>\n<p style=\"padding-left: 40px;\"><span style=\"color: #66462f;\"><strong>Les Yeux:<\/strong>&nbsp;A une bonne distance l\u2019un de l\u2019autre, ronds, brillants, et vifs avec une expression intelligente, la couleur s\u2019harmonisant avec la couleur de la robe.<\/span><\/p>\n<p style=\"padding-left: 40px;\"><span style=\"color: #66462f;\"><strong>Oreilles:<\/strong>&nbsp;attach\u00e9es assez haut, de taille moyenne, large au bas et terminer graduellement en pointe arrondie. Ils doivent coller contre la t\u00eate.<\/span><\/p>\n<p><span style=\"color: #d38d11;\"><strong>Cou<\/strong><\/span><\/p>\n<p><span style=\"color: #66462f;\">Assez long, fort et sans fanon.<\/span><\/p>\n<p><span style=\"color: #d38d11;\"><strong>Corps<\/strong><\/span><\/p>\n<p><span style=\"color: #66462f;\"><strong>Dos<\/strong>:&nbsp;krachtig.<\/span><\/p>\n<p><span style=\"color: #66462f;\"><strong>Rein<\/strong>:&nbsp;stevig, gespierd en lichtjes gebogen.<img decoding=\"async\" class=\"size-medium wp-image-541 alignright\" src=\"https:\/\/www.ridgebackclub.be\/wp-content\/uploads\/2020\/02\/57129073-1024x681-1-e1582379151794-300x200.jpg\" alt=\"\" width=\"300\" height=\"200\" srcset=\"https:\/\/www.ridgebackclub.be\/wp-content\/uploads\/2020\/02\/57129073-1024x681-1-e1582379151794-300x200.jpg 300w, https:\/\/www.ridgebackclub.be\/wp-content\/uploads\/2020\/02\/57129073-1024x681-1-e1582379151794-768x511.jpg 768w, https:\/\/www.ridgebackclub.be\/wp-content\/uploads\/2020\/02\/57129073-1024x681-1-e1582379151794.jpg 1024w\" sizes=\"(max-width: 300px) 100vw, 300px\" \/><\/span><\/p>\n<p><span style=\"color: #66462f;\"><strong>Poitrine:<\/strong>:&nbsp;niet te breed, maar wel diep en ruim; het borststuk moet tot aan de elleboog komen.<\/span><\/p>\n<p><span style=\"color: #66462f;\"><strong>Le poitrail:<\/strong>:&nbsp;moet van opzij kunnen gezien worden.<\/span><\/p>\n<p><span style=\"color: #66462f;\"><strong>C\u00f4tes:<\/strong>:&nbsp;een beetje naar buiten springen maar nooit als ringen van een ton.<\/span><\/p>\n<p><span style=\"color: #655a68;\"><strong>&nbsp;<\/strong><\/span><\/p>\n<p><span style=\"color: #d38d11;\"><strong>Queue<\/strong><\/span><\/p>\n<p><span style=\"color: #66462f;\">Forte \u00e0 la naissance et s\u2019affiner vers l\u2019extr\u00e9mit\u00e9; elle n\u2019est pas grossi\u00e8re et de longueur moyenne. Un point d\u2019attache pas trop haut ni trop bas; elle est port\u00e9e avec une l\u00e9g\u00e8re courbe vers le haut, n\u2019est jamais en trompette.<\/span><\/p>\n<p><span style=\"color: #d38d11;\"><strong>Membres<\/strong><\/span><\/p>\n<p style=\"padding-left: 40px;\"><span style=\"text-decoration: underline;\"><span style=\"color: #66462f; text-decoration: underline;\"><strong>Membres Anterieurs<\/strong><\/span><\/span><\/p>\n<p style=\"padding-left: 40px;\"><span style=\"color: #66462f;\">Les pattes de devant doivent \u00eatre parfaitement droites, fortes avec ossature solide, les coudes tout pr\u00e8s du corps. Vu de profil, les ant\u00e9rieures doivent \u00eatre plus larges que vus de face. Les pieds doivent \u00eatre forts et l\u00e9g\u00e8rement arrondis.<\/span><\/p>\n<p><span style=\"color: #66462f;\"><strong>Epaules<\/strong>:&nbsp;moeten schuin aflopen, zuiver en gespierd zijn.<\/span><\/p>\n<p style=\"padding-left: 40px;\"><span style=\"text-decoration: underline;\"><span style=\"color: #66462f; text-decoration: underline;\"><strong>Membres Posterieurs<\/strong><\/span><\/span><\/p>\n<p style=\"padding-left: 40px;\"><span style=\"color: #66462f;\">Les muscles doivent \u00eatre nets, bien d\u00e9finis, les grassets bien anguleux et les jarrets solides et bien descendus.<\/span><\/p>\n<p><span style=\"color: #66462f;\"><strong>Allures: <\/strong>parall\u00e8les, d\u00e9gag\u00e9es et actives.<\/span><\/p>\n<p><span style=\"color: #d38d11;\"><strong>Pieds<\/strong><\/span><\/p>\n<p><span style=\"color: #66462f;\">compacts et arrondis, les doigts bien cambr\u00e9s et les coussinets \u00e9lastiques et robustes; le pied est prot\u00e9g\u00e9 par les poils qui poussent entre les doigts et les coussinets.<\/span><\/p>\n<p><span style=\"color: #655a68;\"><strong><span style=\"color: #d38d11;\">Mouvement<\/span>&nbsp;<\/strong><\/span><\/p>\n<p><span style=\"color: #66462f;\">avant droit, libre et passionn\u00e9.<\/span><\/p>\n<p><span style=\"color: #d38d11;\"><strong>Robe<\/strong><\/span><\/p>\n<p><span style=\"color: #66462f;\"><strong>Poil:<\/strong>court et dense, d\u2019aspect lisse et brillant, mais ni laineux ni soyeux.<\/span><\/p>\n<p><span style=\"color: #66462f;\"><strong>Couleur:<\/strong>froment clair \u00e0 froment rouge (fauve), un peu de blanc sur le poitrail et les doigts est autoris\u00e9 mais du poil blanc excessif sur le ventre et au-dessus des doigts n\u2019est pas permis. Un museau et les oreilles fonc\u00e9es sont permis. Un exc\u00e8s de poils noirs dans l\u2019ensemble de la robe est inadmissible.<\/span><\/p>\n<p><span style=\"color: #d38d11;\"><strong>Taille<\/strong><\/span><\/p>\n<p><span style=\"color: #66462f;\">Hauteur au garrot:<\/span><\/p>\n<p><span style=\"color: #66462f;\"><strong>M\u00e2les:<\/strong>63 \u00e0 69 cm<\/span><\/p>\n<p><span style=\"color: #66462f;\"><strong>Femelles:<\/strong>61 \u00e0 66 cm<\/span><\/p>\n<p><span style=\"color: #d38d11;\"><strong>Poids<\/strong><\/span><\/p>\n<p><span style=\"color: #66462f;\"><strong>M\u00e2les:<\/strong>36,5 kg<\/span><\/p>\n<p><span style=\"color: #66462f;\"><strong>Femelles:<\/strong>32 kg<\/span><\/p>\n<p><span style=\"color: #655a68;\"><strong><span style=\"color: #d38d11;\">Defauts<\/span>&nbsp;<\/strong><\/span><\/p>\n<p><span style=\"color: #66462f;\">Tout \u00e9cart par rapport aux points pr\u00e9c\u00e9dents est consid\u00e9r\u00e9 comme d\u00e9faut et sera jug\u00e9 selon sa gravit\u00e9.<\/span><\/p>\n<p><span style=\"color: #66462f;\">N.B. les m\u00e2les doivent avoir deux testicules d\u2019aspect normal compl\u00e8tement descendus dans le scrotum.<\/span><\/p>\n<p><span style=\"color: #66462f;\"><em>F\u00c9D\u00c9RATION CYNOLOGIQUE INTERNATIONALE (FCI)<\/em><\/span><\/p>\n<p><span style=\"color: #66462f;\"><em>S\u00e9cr\u00e9tariat General: 13, Place Albert I \u2013 B-6530 THUIN, Belgique<\/em><\/span><\/p>\n<p><span style=\"color: #66462f;\"><em>Norme FCI n\u00ba 146 10.12.1996\/GB<\/em><\/span><\/p>\t\t\t\t\t\t\t\t<\/div>\n\t\t\t\t<\/div>\n\t\t\t\t\t<\/div>\n\t\t<\/div>\n\t\t\t\t\t<\/div>\n\t\t<\/section>\n\t\t\t\t<\/div>","protected":false},"excerpt":{"rendered":"<p>Rasstandaard OORSPRONG Zuid-Afrika. Standaard geleverd door de Kennel Union of Southern Africa en de Zimbabwe Kennel Club. UITGIFTEDATUM VAN DE GELDIGE ORIGINELE STANDAARD 10.12.1996. GEBRUIK de Rhodesian Ridgeback wordt nog altijd gebruikt voor de jacht in verschillende delen van de wereld, maar hij wordt vooral op prijs gesteld als waakhond en zeker als huisdier. FCI [&hellip;]<\/p>\n","protected":false},"author":1,"featured_media":0,"parent":0,"menu_order":0,"comment_status":"closed","ping_status":"closed","template":"elementor_header_footer","meta":{"footnotes":""},"_links":{"self":[{"href":"https:\/\/www.ridgebackclub.be\/fr\/wp-json\/wp\/v2\/pages\/18"}],"collection":[{"href":"https:\/\/www.ridgebackclub.be\/fr\/wp-json\/wp\/v2\/pages"}],"about":[{"href":"https:\/\/www.ridgebackclub.be\/fr\/wp-json\/wp\/v2\/types\/page"}],"author":[{"embeddable":true,"href":"https:\/\/www.ridgebackclub.be\/fr\/wp-json\/wp\/v2\/users\/1"}],"replies":[{"embeddable":true,"href":"https:\/\/www.ridgebackclub.be\/fr\/wp-json\/wp\/v2\/comments?post=18"}],"version-history":[{"count":22,"href":"https:\/\/www.ridgebackclub.be\/fr\/wp-json\/wp\/v2\/pages\/18\/revisions"}],"predecessor-version":[{"id":1861,"href":"https:\/\/www.ridgebackclub.be\/fr\/wp-json\/wp\/v2\/pages\/18\/revisions\/1861"}],"wp:attachment":[{"href":"https:\/\/www.ridgebackclub.be\/fr\/wp-json\/wp\/v2\/media?parent=18"}],"curies":[{"name":"wp","href":"https:\/\/api.w.org\/{rel}","templated":true}]}}