{"id":19,"date":"2020-01-19T09:52:48","date_gmt":"2020-01-19T09:52:48","guid":{"rendered":"https:\/\/www.ridgebackclub.be\/?page_id=19"},"modified":"2020-03-02T10:55:15","modified_gmt":"2020-03-02T10:55:15","slug":"karakter","status":"publish","type":"page","link":"https:\/\/www.ridgebackclub.be\/fr\/karakter\/","title":{"rendered":"Caract\u00e8re"},"content":{"rendered":"<div data-elementor-type=\"wp-page\" data-elementor-id=\"19\" class=\"elementor elementor-19\">\n\t\t\t\t\t\t<section class=\"elementor-section elementor-top-section elementor-element elementor-element-233eb8a elementor-section-boxed elementor-section-height-default elementor-section-height-default\" data-id=\"233eb8a\" data-element_type=\"section\">\n\t\t\t\t\t\t<div class=\"elementor-container elementor-column-gap-default\">\n\t\t\t\t\t<div class=\"elementor-column elementor-col-100 elementor-top-column elementor-element elementor-element-e05c229\" data-id=\"e05c229\" data-element_type=\"column\">\n\t\t\t<div class=\"elementor-widget-wrap elementor-element-populated\">\n\t\t\t\t\t\t<div class=\"elementor-element elementor-element-4ab7e71 elementor-widget elementor-widget-heading\" data-id=\"4ab7e71\" data-element_type=\"widget\" data-widget_type=\"heading.default\">\n\t\t\t\t<div class=\"elementor-widget-container\">\n\t\t\t\t\t<h3 class=\"elementor-heading-title elementor-size-default\">Caract\u00e8re<\/h3>\t\t\t\t<\/div>\n\t\t\t\t<\/div>\n\t\t\t\t<div class=\"elementor-element elementor-element-fd12e2e elementor-widget elementor-widget-text-editor\" data-id=\"fd12e2e\" data-element_type=\"widget\" data-widget_type=\"text-editor.default\">\n\t\t\t\t<div class=\"elementor-widget-container\">\n\t\t\t\t\t\t\t\t\t<p class=\"translation-block\">Compar\u00e9 \u00e0 d\u2019autres races, le Ridgeback est excentrique. Le chien adulte est ind\u00e9pendant, respire le calme et se montre r\u00e9serv\u00e9 face aux personnes \u00e9trang\u00e8res. Il a parfois l\u2019air un peu arrogant et se montre s\u00fbr de lui.<\/p><p style=\"font-size: 18px; text-align: left; letter-spacing: -0.27px;\" class=\"translation-block\">Le comportement du jeune Ridgeback d\u00e9passe encore celui du chien adulte: espi\u00e8gle, t\u00eatu et excessif. Au cours des premiers mois de son innocence juv\u00e9nile, il sera important d\u2019imposer au jeune chien son autorit\u00e9 avec calme et fermet\u00e9. L\u2019apprentissage du Rhodesian Ridgeback est tr\u00e8s particulier. Ce chien dispose d\u2019un tr\u00e8s grand sens associatif et s\u2019empreinte de toutes les impressions que lui fournit son environnement, tant positives que n\u00e9gatives. A ce stade, il est n\u00e9cessaire d\u2019agir de mani\u00e8re coh\u00e9rente et de ne pas trop le dorloter. Il convient de traiter le chien de mani\u00e8re franche, comme chien et non pas comme un \u00eatre humain ; ceci d\u00e9terminera son comportement pour le reste de sa vie.<\/p><p style=\"font-size: 18px; text-align: left; letter-spacing: -0.27px;\" class=\"translation-block\">Le Ridgeback est un chien \u00e0 maturit\u00e9 tardive. Les m\u00e2les ne sont psychologiquement adultes qu\u2019\u00e0 l\u2019\u00e2ge de deux ans et demi. Les femelles le sont plus t\u00f4t. Les m\u00e2les sont en g\u00e9n\u00e9ral de meilleurs gardiens et les femelles de meilleurs chasseurs.<\/p><p style=\"font-size: 18px; text-align: left; letter-spacing: -0.27px;\" class=\"translation-block\">Avec sa volont\u00e9, son obstination et son sens de la dignit\u00e9 le Rhodesian Ridgeback ne se laisse pas facilement soumettre. Le \u00abcouch\u00e9\u00bb populaire chez beaucoup d\u2019entraineurs ne fonctionne pas dans leur \u00e9ducation.<\/p><p style=\"font-size: 18px; text-align: left; letter-spacing: -0.27px;\" class=\"translation-block\">L\u2019attitude du chien n\u2019est pas celle d\u2019un esclave mais d\u2019un partenaire et c\u2019est ainsi qu\u2019il faut le traiter.<\/p><p style=\"font-size: 18px; text-align: left; letter-spacing: -0.27px;\" class=\"translation-block\">Le manque de contact, un traitement dur et une surcharge intellectuelle peuvent le plonger dans un d\u00e9sarroi permanent. Pour bien faire fonctionner un Ridgeback et obtenir du respect de sa part, il n\u2019y a qu\u2019un seul moyen : \u00e9tablir une confiance mutuelle et lui donner une bonne \u00e9ducation logique et coh\u00e9rente. Ce n\u2019est pas donn\u00e9 \u00e0 tout le monde de donner une \u00e9ducation ad\u00e9quate, cela n\u00e9cessite de l\u2019\u00e9nergie et il faut toujours rester logique avec soi-m\u00eame.<\/p><p style=\"font-size: 18px; text-align: left; letter-spacing: -0.27px;\" class=\"translation-block\">Le Ridgeback est un compagnon et ami, extr\u00eamement fid\u00e8le et loyal envers sa famille; il ira \u00e0 la recherche de la personne qu\u2019il consid\u00e8re comme son chef de file. Il est important qu\u2019\u00e0 l\u2019int\u00e9rieur de votre famille quelqu\u2019un puisse prendre la position Alpha. Une personne avec beaucoup de logique et s\u2019occupant la plupart du temps du chien est la personne id\u00e9ale ; in\u00e9vitablement, ce sera le plus souvent la \u00ab m\u00e8re de famille\u00bb.<\/p><p style=\"font-size: 18px; text-align: left; letter-spacing: -0.27px;\" class=\"translation-block\">Le Ridgeback est un excellent garde du corps et gardien. Il consid\u00e8re toutes vos possessions comme les siennes et les prot\u00e8gera.<\/p><p style=\"font-size: 18px; text-align: left; letter-spacing: -0.27px;\" class=\"translation-block\">Il n\u2019aboiera pas sans raison, uniquement pour vous avertir d\u2019un danger ou de cambrioleurs \u00e9ventuels.<\/p><p style=\"font-size: 18px; text-align: left; letter-spacing: -0.27px;\"><span style=\"color: #66462f;\">Un comportement caract\u00e9ristique associ\u00e9 \u00e0 un mode de vie d\u2019apparence paresseuse est typique pour le Ridgeback.<\/span><\/p><p style=\"font-size: 18px; text-align: left; letter-spacing: -0.27px;\" class=\"translation-block\">Il montre parfois sa vigilance en levant une paupi\u00e8re ou en dressant la t\u00eate, tout en baillant et en s\u2019\u00e9tirant de tout son long.<\/p><p style=\"font-size: 18px; text-align: left; letter-spacing: -0.27px;\"><span style=\"color: #66462f;\">La tol\u00e9rance envers les enfants va de l\u2019indiff\u00e9rence \u00e0 l\u2019attachement. Le Ridgeback devra cependant \u00eatre trait\u00e9 avec respect et non pas comme un jouet. Malgr\u00e9 son seuil d\u2019irritation \u00e9lev\u00e9, il finira par\u00a0<\/span><\/p><p style=\"font-size: 18px; text-align: left; letter-spacing: -0.27px;\"><span style=\"color: #66462f;\">ne plus l\u2019accepter.<\/span><\/p><p><img decoding=\"async\" class=\"alignleft wp-image-583 size-medium\" src=\"https:\/\/www.ridgebackclub.be\/wp-content\/uploads\/2020\/02\/IMG_0115-1-225x300.jpg\" alt=\"\" width=\"225\" height=\"300\" srcset=\"https:\/\/www.ridgebackclub.be\/wp-content\/uploads\/2020\/02\/IMG_0115-1-225x300.jpg 225w, https:\/\/www.ridgebackclub.be\/wp-content\/uploads\/2020\/02\/IMG_0115-1-rotated.jpg 480w\" sizes=\"(max-width: 225px) 100vw, 225px\" \/><\/p><p style=\"font-size: 18px; text-align: left; letter-spacing: -0.27px;\"><span style=\"color: #66462f;\">Van nature een <strong>luilak<\/strong> zal hij geen onnodige energie verspillen om zijn doel te bereiken. Hij zal vaak tevreden zijn als hij zijn tijd kan gebruiken om te dutten, het liefst pal in de zon of zich bijna schroeiend aan het haardvuur en in de meest vreemde posities liggend.<\/span><\/p><p style=\"font-size: 18px; text-align: left; letter-spacing: -0.27px;\" class=\"translation-block\">Etant paresseux par nature, il ne gaspillera pas d\u2019\u00e9nergie pour atteindre son but. Il est content quand il peut passer son temps \u00e0 somnoler, de pr\u00e9f\u00e9rence en plein soleil ou tout pr\u00e8s du po\u00eale br\u00fblant et ce dans les positions les plus bizarres.\nCeci peut sembler contradictoire avec la description habituelle du Ridgreback comme un chien \u00e9nergique et dynamique. De longues promenades \u00e0 pied ou \u00e0 bicyclette et au galop sont l\u2019id\u00e9al pour le faire bouger et maintenir sa condition. Il appartient au ma\u00eetre d\u2019\u00eatre actif, son chien le suivra. Le Ridgeback n\u2019est pas le genre de chien \u00e0 faire des tours comme un idiot pendant que son ma\u00eetre fait la sieste.<\/p><p style=\"font-size: 18px; text-align: left; letter-spacing: -0.27px;\"><span style=\"color: #66462f;\">Comme d\u00e9j\u00e0 indiqu\u00e9, un Ridgeback ne se battra pas sans raison, mais \u00e9vitera les conflits dans la mesure du possible. Si ce n\u2019est le cas, il lui suffira souvent de montrer sa dominance pour obtenir du respect.<\/span><\/p><p style=\"font-size: 18px; text-align: left; letter-spacing: -0.27px;\" class=\"translation-block\">D\u2019origine, le Ridgeback est un chien de chasse et de garde. Il a une vue per\u00e7ante et un excellent odorat. Il est r\u00e9ceptif et a un sens aigu du danger, comme on peut le voir chez les fauves. Ceci est probablement le m\u00e9rite des chasseurs de gros gibier qui ont pratiqu\u00e9 une s\u00e9lection tr\u00e8s rigoureuse. Beaucoup de ces traits sont ancr\u00e9s dans le mat\u00e9riel g\u00e9n\u00e9tique du Rhodesian Ridgeback.<\/p><p style=\"font-size: 18px; text-align: left; letter-spacing: -0.27px;\" class=\"translation-block\">Il est intelligent et loyal sans cacher sons attachement. Bref, pour celui qui le traite correctement un chien qui sera un compagnon d\u00e9vou\u00e9 et un camarade capable de prestations exceptionnelles dans des circonstances extr\u00eames.<\/p><p style=\"font-size: 18px; text-align: left; letter-spacing: -0.27px;\"><span style=\"color: #66462f;\">\u00a9 Jan Coppens, texte original paru dans \u00abHondenwereld\u00bb, juin 2000.<\/span><\/p>\t\t\t\t\t\t\t\t<\/div>\n\t\t\t\t<\/div>\n\t\t\t\t\t<\/div>\n\t\t<\/div>\n\t\t\t\t\t<\/div>\n\t\t<\/section>\n\t\t\t\t<\/div>","protected":false},"excerpt":{"rendered":"<p>Karakter Vergeleken met andere rassen is de Ridgeback excentriek. De volwassen hond is onafhankelijk, straalt rust uit en kan gereserveerd zijn tegenover vreemden. Ook laat hij een zekere vorm van arrogantie en zelfverzekerdheid zien. De jonge Ridgeback overschaduwt de volwassen hond voor wat betreft zijn karakteristieke gedrag met al zijn ondeugd, koppigheid en overdrevenheid. In [&hellip;]<\/p>\n","protected":false},"author":1,"featured_media":0,"parent":0,"menu_order":0,"comment_status":"closed","ping_status":"closed","template":"elementor_header_footer","meta":{"footnotes":""},"_links":{"self":[{"href":"https:\/\/www.ridgebackclub.be\/fr\/wp-json\/wp\/v2\/pages\/19"}],"collection":[{"href":"https:\/\/www.ridgebackclub.be\/fr\/wp-json\/wp\/v2\/pages"}],"about":[{"href":"https:\/\/www.ridgebackclub.be\/fr\/wp-json\/wp\/v2\/types\/page"}],"author":[{"embeddable":true,"href":"https:\/\/www.ridgebackclub.be\/fr\/wp-json\/wp\/v2\/users\/1"}],"replies":[{"embeddable":true,"href":"https:\/\/www.ridgebackclub.be\/fr\/wp-json\/wp\/v2\/comments?post=19"}],"version-history":[{"count":23,"href":"https:\/\/www.ridgebackclub.be\/fr\/wp-json\/wp\/v2\/pages\/19\/revisions"}],"predecessor-version":[{"id":785,"href":"https:\/\/www.ridgebackclub.be\/fr\/wp-json\/wp\/v2\/pages\/19\/revisions\/785"}],"wp:attachment":[{"href":"https:\/\/www.ridgebackclub.be\/fr\/wp-json\/wp\/v2\/media?parent=19"}],"curies":[{"name":"wp","href":"https:\/\/api.w.org\/{rel}","templated":true}]}}