{"id":20,"date":"2020-01-19T09:52:48","date_gmt":"2020-01-19T09:52:48","guid":{"rendered":"https:\/\/www.ridgebackclub.be\/?page_id=20"},"modified":"2020-03-02T10:53:37","modified_gmt":"2020-03-02T10:53:37","slug":"opvoeding","status":"publish","type":"page","link":"https:\/\/www.ridgebackclub.be\/fr\/opvoeding\/","title":{"rendered":"Education"},"content":{"rendered":"<div data-elementor-type=\"wp-page\" data-elementor-id=\"20\" class=\"elementor elementor-20\">\n\t\t\t\t\t\t<section class=\"elementor-section elementor-top-section elementor-element elementor-element-b398077 elementor-section-boxed elementor-section-height-default elementor-section-height-default\" data-id=\"b398077\" data-element_type=\"section\">\n\t\t\t\t\t\t<div class=\"elementor-container elementor-column-gap-default\">\n\t\t\t\t\t<div class=\"elementor-column elementor-col-100 elementor-top-column elementor-element elementor-element-aa91f79\" data-id=\"aa91f79\" data-element_type=\"column\">\n\t\t\t<div class=\"elementor-widget-wrap elementor-element-populated\">\n\t\t\t\t\t\t<div class=\"elementor-element elementor-element-6e1394e elementor-widget elementor-widget-heading\" data-id=\"6e1394e\" data-element_type=\"widget\" data-widget_type=\"heading.default\">\n\t\t\t\t<div class=\"elementor-widget-container\">\n\t\t\t\t\t<h3 class=\"elementor-heading-title elementor-size-default\">Education<\/h3>\t\t\t\t<\/div>\n\t\t\t\t<\/div>\n\t\t\t\t<div class=\"elementor-element elementor-element-880421e elementor-widget elementor-widget-text-editor\" data-id=\"880421e\" data-element_type=\"widget\" data-widget_type=\"text-editor.default\">\n\t\t\t\t<div class=\"elementor-widget-container\">\n\t\t\t\t\t\t\t\t\t<p><span style=\"color: #66462f;\">Le Rhodesian Ridgeback est un chien assez <strong>t\u00eatu<\/strong> et n\u2019est donc pas \u00e0 la port\u00e9e de tout le monde. Un cours <strong>d'ob\u00e9issance<\/strong> n'est pas <strong>un luxe<\/strong> superflu. Cherchez un dressage o\u00f9 l'accent est mis sur la <strong>relation entre<\/strong> <strong>relatie<\/strong> le chien et son ma\u00eetre et sur <strong>l'encadrement<\/strong> du chien, surtout en ce qui concerne le contact avec d'autres chiens.\nA vous de vous occuper souvent et beaucoup de votre chien, aussi bien \u00e0 l'int\u00e9rieur qu'\u00e0 l'ext\u00e9rieur. Il peut jouer avec d'autres chiens, mais uniquement avec votre accord.\nL'\u00e9ducation ne s\u2019arr\u00eate pas apr\u00e8s <strong>le cours pour chiots.<\/strong> (cong\u00e9nital veut dire : form\u00e9 avant la <strong>training<\/strong> <strong>niet<\/strong> <strong>op<\/strong>L\u2019adolescence d\u2019un Rhodesian Ridgeback dure trois ans et pendant <strong>tout ce temps<\/strong> il faudra poursuivre l'\u00e9ducation. Commencez le plus t\u00f4t possible avec les cours pour chiots, d\u00e8s qu'il arrive chez vous. Si ce n\u2019est pas possible, entra\u00eenez-le <strong>en attendant \u00e0 se promener<\/strong>, \u00e0 <strong>seul la nuit et<\/strong> \u00e0 \u00eatre <strong>propre.<\/strong>L'apprentissage d\u2019un Rhodesian Ridgeback doit se faire principalement au moyen de r\u00e9compenses. Un chien n'est pas un \u00eatre humain, ne lui attribuez donc pas de sentiments humains.<\/span><\/p><p><span style=\"color: #66462f;\">La <strong>socialisation<\/strong> d\u2019un chiot est primordiale. Cette p\u00e9riode se situe <img decoding=\"async\" class=\"size-medium wp-image-530 alignright\" src=\"https:\/\/www.ridgebackclub.be\/wp-content\/uploads\/2020\/02\/82569491_467215077491820_2872398080873857024_n-300x120.jpg\" alt=\"\" width=\"300\" height=\"120\" srcset=\"https:\/\/www.ridgebackclub.be\/wp-content\/uploads\/2020\/02\/82569491_467215077491820_2872398080873857024_n-300x120.jpg 300w, https:\/\/www.ridgebackclub.be\/wp-content\/uploads\/2020\/02\/82569491_467215077491820_2872398080873857024_n-768x307.jpg 768w, https:\/\/www.ridgebackclub.be\/wp-content\/uploads\/2020\/02\/82569491_467215077491820_2872398080873857024_n.jpg 1000w\" sizes=\"(max-width: 300px) 100vw, 300px\" \/><strong>entre<\/strong> <strong>3 et 12  semaines.<\/strong> C\u2019est une phase d\u00e9cisive dans la vie du chien pour qu\u2019il devienne un animal de compagnie \u00e0 part enti\u00e8re. Pendant les huit premi\u00e8res <strong>8 semaines<\/strong> il appartient \u00e0 l'\u00e9leveur de veiller <strong>\u00e0 ce que le chiot soit bien soign\u00e9 et socialis\u00e9<\/strong> bij de <strong>fokker<\/strong> C\u2019est \u00e0 vous de bien choisir l\u2019\u00e9leveur de votre chiot. Si le chiot que vous achetez n'a pas \u00e9t\u00e9 bien \u00e9duqu\u00e9 d\u00e8s le d\u00e9but, vous devrez rattraper le temps en travaillant intens\u00e9ment \u00e0 la socialisation. A partir du moment o\u00f9 vous amenez le chiot avec vous, vous \u00eates responsable de sa socialisation. Celle-ci ne s\u2019arr\u00eate pas apr\u00e8s 12 semaines. Ce processus doit se poursuivre jusqu\u2019\u00e0 l'\u00e2ge adulte. <strong>Plus le chien<\/strong> <strong>ouder<\/strong> est \u00e2g\u00e9, <strong>hoe<\/strong> <strong>la socialisation sera difficile<\/strong> het <strong>socialisation<\/strong> Profitez donc au maximum de cette p\u00e9riode. Au plus vous exposerez votre chien \u00e0 des impressions nouvelles, au mieux il se d\u00e9veloppera pour devenir un chien \u00e9quilibr\u00e9, capable de ma\u00eetriser chaque situation sans peur ni stress. Les impressions re\u00e7ues durant cette p\u00e9riode resteront pendant le reste de sa vie, tant les positives que les n\u00e9gatives. Il faut consacrer le temps n\u00e9cessaire \u00e0 cette socialisation ; vous le devez \u00e0 votre chien.<\/span><\/p><p><span style=\"color: #66462f;\"><strong>Neem<\/strong> je <strong>pup<\/strong> van jongs af aan <strong>D\u00e8s le d\u00e9but emmenez votre chien partout (<\/strong> <strong>mogelijk<\/strong> overal <strong>mee<\/strong> en voiture, \u00e0 la pleine de jeux, au march\u00e9, \u00e0 la gare etc.). Familiarisez-le avec toute situation qu\u2019il est susceptible de conna\u00eetre dans sa vie. Le chien se m\u00e9fiera de tout ce qu\u2019il n\u2019a pas connu \u00e9tant chiot. Vivre dans un endroit isol\u00e9 o\u00f9 il ne voit jamais de personnes \u00e9trang\u00e8res ou rester seul \u00e0 la maison des journ\u00e9es enti\u00e8res pendant que les ma\u00eetres sont au travail n'est bon pour aucun chien. Si vous habitez en ville, rendez-vous \u00e0 la campagne pour qu'il apprenne \u00e0 conna\u00eetre des vaches, des moutons, des canards etc.<\/span><\/p><p><span style=\"color: #66462f;\">Tant que le chiot n\u2019a pas <strong>re\u00e7u tous les vaccins,<\/strong> \u00e9vitez les contacts dans les lieux publics o\u00f9 les gens sortent leurs chiens ou dans des endroits parsem\u00e9s de d\u00e9jections canines. Dans de tels <strong>endroits, le risque de contamination est \u00e9lev\u00e9<\/strong> <strong>kans<\/strong> op <strong>besmetting<\/strong> Prenez l'habitude de ramasser imm\u00e9diatement toutes les d\u00e9jections de votre chien.\u00a0<\/span><\/p><p><span style=\"color: #66462f;\">Veelvuldig <strong>contact<\/strong> met <strong>d\u2019autres<\/strong> <strong>honden<\/strong> is alleen maar <strong>Un contact fr\u00e9quent avec d'autres chiens ne peut \u00eatre que positif<\/strong> et m\u00e9rite d\u2019\u00eatre encourag\u00e9, mais veillez \u00e0 ce que le contact avec le ma\u00eetre prime en toutes circonstances. C\u2019est au ma\u00eetre de contr\u00f4le les contacts avec d'autres chiens. C'est \u00e0 vous, le ma\u00eetre, de d\u00e9cider quand votre chien pourra jouer avec un autre chien. Veillez \u00e0 ce que votre chiot ne joue qu\u2019avec des chiens que vous connaissez et qui se comporte bien vis-\u00e0-vis des chiots. Le ma\u00eetre doit veiller \u00e0 ce que le contact se d\u00e9roule bien et en toute qui\u00e9tude. Cela sera tr\u00e8s utile plus tard, notamment lorsque le chien de vra suivre sans tirer sur la laisse.<\/span><\/p><p><span style=\"color: #66462f;\"><strong>Eleveurs<\/strong> vous remettront souvent une brochure dans laquelle ils vous expliquent comment s\u2019y prendre dans l\u2019\u00e9ducation du chiot : propret\u00e9, contacts avec d\u2019autres chiens, lui apprendre \u00e0 rester seul, rassurer un chien inquiet, poursuivre la socialisation, particularit\u00e9s dont il faut tenir compte, que faite ou ne pas faire avec ce chiot.<\/span><\/p><p><span style=\"color: #66462f;\">Enfin, il faut noter que le Rhodesian Ridgeback a besoin de beaucoup d\u2019exercice. Il appr\u00e9ciera <strong>beweging<\/strong> une bonne promenade d\u2019au moins 2 heures tous les jours.<\/span><\/p><p><img decoding=\"async\" class=\"size-full wp-image-613 alignright\" style=\"color: #66462f;\" src=\"https:\/\/www.ridgebackclub.be\/wp-content\/uploads\/2020\/02\/Picture1.jpg\" alt=\"\" width=\"239\" height=\"128\" \/><\/p><p><span style=\"color: #d38d11;\"><strong>Enfants<\/strong><\/span><\/p><p><span style=\"color: #66462f;\">A la question de savoir si le Ridgeback peut cohabiter avec de jeunes enfants, la r\u00e9ponse est affirmative. Sachez que beaucoup d\u00e9pend de la fa\u00e7on dont vous apprenez \u00e0 vos enfants comment traiter les chiens. Songez que pas tous les chiens s\u2019entendent facilement avec des enfants et que les enfants n\u2019ont pas toujours un comportement exemplaire avec les chiens. Si cela se passe mal, ce n\u2019est ni la faute de votre enfant, ni celle du chien, mais la v\u00f4tre, en tant que  parent. C'est \u00e0 vous d'apprendre aux enfants de respecter le chien et d'\u00e9viter les provocations. Sachez qu'un enfant ne comprend pas encore le langage corporel d'un chien et ne peut donc reconna\u00eetre les signes pr\u00e9c\u00e9dant un coup de bec d\u00e9fensif. <strong>verantwoordelijk<\/strong> voor dat het kind respect wordt bijgebracht voor de hond en dat er geen confronterende situaties kunnen ontstaan. Besef dat een kind de <strong>lichaamstaal<\/strong> van een hond (nog) niet zal begrijpen en dus de waarschuwingen die de hond geeft voorafgaand aan een verdedigende uitval, (nog) niet kan herkennen.\u00a0<\/span><\/p><p><span style=\"color: #66462f;\">Voici quelques conseils \u00e0 donner \u00e0 vos enfants ou aux petits voisins en \u00e2ge de comprendre:<\/span><\/p><p><span style=\"color: #66462f;\">(cong\u00e9nital veut dire : form\u00e9 avant la <strong>\u2022\tappeler le chien vers soi,<\/strong>ne pas le suivre pas (un subordonn\u00e9 va toujours vers un plus haut en rang)<\/span><\/p><p class=\"translation-block\">\u2022\tne pas crier, se battre ou s'enfuir en pr\u00e9sence du chien<\/p><p><span style=\"color: #66462f;\">\u2022\trespecter le chien, <strong>waarde<\/strong> c'est-\u00e0-dire ne pas le d\u00e9ranger lorsqu\u2019il dort, ne pas jouer de fa\u00e7on trop sauvage avec lui, ne pas mettre les doigts dans ses oreilles, ses yeux ou son nez, ne pas essayer de le soulever, ne pas le taquiner, le r\u00e9veiller ou le tirer de son panier, ne pas l'habiller, ne pas toucher \u00e0 sa gamelle ou son os etc\u2026<\/span><\/p><p class=\"translation-block\">\u2022\tles chiens ont besoin de calme et d'un endroit abrit\u00e9 pour dormir<\/p><p><span style=\"color: #66462f;\">\u2022\tne pas donner d\u2019ordres superflus ou contradictoires: une fois suffit, sinon le chien sait que vous aller r\u00e9p\u00e9tez l\u2019ordre et il apprend \u00e0 ne pas ob\u00e9ir imm\u00e9diatement<\/span><\/p><p><strong><span style=\"color: #66462f;\">\u2022\tne jamais fixer un chien<\/span><\/strong><\/p><p><span style=\"color: #66462f;\"><strong>\u2022\tne jamais se mettre \u00e0 terre (ou dans le panier) \u00e0 cot\u00e9 du chien,<\/strong> garder le visage plus haut que la t\u00eate du chien<\/span><\/p><p><span style=\"color: #66462f;\">\u2022\tne pas mettre le visage trop pr\u00eat du chien<\/span><\/p><p><span style=\"color: #66462f;\">\u2022\tramasser les jouets des enfants, ne pas laisser tra\u00eener des petites choses \u00e0 la port\u00e9e du chiot<\/span><\/p><p><span style=\"color: #66462f;\">Si les enfants sont encore trop jeunes pour comprendre, ne les laissez jamais seuls avec le chien. <strong>Mieux vaut pr\u00e9venir que gu\u00e9rir.<\/strong> . Si vous n'avez pas d'enfants vous-m\u00eame mais que vous savez qu'\u00e0 l'avenir le chien aura des contacts fr\u00e9quents avec des enfants, apprenez-lui tr\u00e8s t\u00f4t ce qu\u2019est un enfant. Passez \u00e0 c\u00f4t\u00e9 de l'\u00e9cole primaire au moment de la r\u00e9cr\u00e9ation. Demandez au petit des voisins de lui donner un biscuit ; il apprendra ainsi que les enfants sont chouettes. Comme le dit le dicton: ce qu'on apprend au berceau dure jusqu'au tombeau.<\/span><\/p><p><span style=\"color: #66462f;\">Mais, et cec i vaut pour toutes les races: \u00abne laisser jamais votre chien seul avec un enfant\u00bb<\/span><\/p><p><span style=\"color: #66462f;\">Rremerciements au \u00abRhodesian Ridgeback Club Nederland.<\/span><\/p>\t\t\t\t\t\t\t\t<\/div>\n\t\t\t\t<\/div>\n\t\t\t\t\t<\/div>\n\t\t<\/div>\n\t\t\t\t\t<\/div>\n\t\t<\/section>\n\t\t\t\t<\/div>","protected":false},"excerpt":{"rendered":"<p>Opvoeding Een Rhodesian Ridgeback is een hond met een eigenzinnig karakter en daardoor niet voor iedereen geschikt. Een gehoorzaamheidscursus bij een kynologenclub is daarom beslist geen overbodige luxe. Let er bij het uitzoeken van de cursus op dat de nadruk tijdens de lessen ligt op de aandacht relatie baas\/hond en op het begeleiden van de [&hellip;]<\/p>\n","protected":false},"author":1,"featured_media":0,"parent":0,"menu_order":0,"comment_status":"closed","ping_status":"closed","template":"elementor_header_footer","meta":{"footnotes":""},"_links":{"self":[{"href":"https:\/\/www.ridgebackclub.be\/fr\/wp-json\/wp\/v2\/pages\/20"}],"collection":[{"href":"https:\/\/www.ridgebackclub.be\/fr\/wp-json\/wp\/v2\/pages"}],"about":[{"href":"https:\/\/www.ridgebackclub.be\/fr\/wp-json\/wp\/v2\/types\/page"}],"author":[{"embeddable":true,"href":"https:\/\/www.ridgebackclub.be\/fr\/wp-json\/wp\/v2\/users\/1"}],"replies":[{"embeddable":true,"href":"https:\/\/www.ridgebackclub.be\/fr\/wp-json\/wp\/v2\/comments?post=20"}],"version-history":[{"count":13,"href":"https:\/\/www.ridgebackclub.be\/fr\/wp-json\/wp\/v2\/pages\/20\/revisions"}],"predecessor-version":[{"id":783,"href":"https:\/\/www.ridgebackclub.be\/fr\/wp-json\/wp\/v2\/pages\/20\/revisions\/783"}],"wp:attachment":[{"href":"https:\/\/www.ridgebackclub.be\/fr\/wp-json\/wp\/v2\/media?parent=20"}],"curies":[{"name":"wp","href":"https:\/\/api.w.org\/{rel}","templated":true}]}}