{"id":25,"date":"2020-01-19T09:52:49","date_gmt":"2020-01-19T09:52:49","guid":{"rendered":"https:\/\/www.ridgebackclub.be\/?page_id=25"},"modified":"2025-06-04T14:12:33","modified_gmt":"2025-06-04T14:12:33","slug":"ethische-code","status":"publish","type":"page","link":"https:\/\/www.ridgebackclub.be\/fr\/ethische-code\/","title":{"rendered":"Code Ethique"},"content":{"rendered":"<div data-elementor-type=\"wp-page\" data-elementor-id=\"25\" class=\"elementor elementor-25\">\n\t\t\t\t\t\t<section class=\"elementor-section elementor-top-section elementor-element elementor-element-cadef3e elementor-section-boxed elementor-section-height-default elementor-section-height-default\" data-id=\"cadef3e\" data-element_type=\"section\">\n\t\t\t\t\t\t<div class=\"elementor-container elementor-column-gap-default\">\n\t\t\t\t\t<div class=\"elementor-column elementor-col-100 elementor-top-column elementor-element elementor-element-4f23004\" data-id=\"4f23004\" data-element_type=\"column\">\n\t\t\t<div class=\"elementor-widget-wrap elementor-element-populated\">\n\t\t\t\t\t\t<div class=\"elementor-element elementor-element-a97cd85 elementor-widget elementor-widget-heading\" data-id=\"a97cd85\" data-element_type=\"widget\" data-widget_type=\"heading.default\">\n\t\t\t\t<div class=\"elementor-widget-container\">\n\t\t\t\t\t<h3 class=\"elementor-heading-title elementor-size-default\">Code Ethique<\/h3>\t\t\t\t<\/div>\n\t\t\t\t<\/div>\n\t\t\t\t<div class=\"elementor-element elementor-element-92b3165 elementor-widget elementor-widget-text-editor\" data-id=\"92b3165\" data-element_type=\"widget\" data-widget_type=\"text-editor.default\">\n\t\t\t\t<div class=\"elementor-widget-container\">\n\t\t\t\t\t\t\t\t\t<p><span style=\"color: #d38d11;\"><strong>Objectif<\/strong><\/span><\/p><ul><li><span style=\"color: #66462f;\">L\u2019objectif du BRRC est de stimuler l\u2019\u00e9levage de Rhodesian Ridgebacks mentalement et physiquement sains mais poss\u00e9dant toutes les qualit\u00e9s propres \u00e0 la race du RR. Chaque propri\u00e9taire faisant saillir une femelle ou permettant \u00e0 un m\u00e2le de saillir porte une responsabilit\u00e9 importante pour l\u2019avenir de la race. Cela comporte une responsabilit\u00e9 vis-\u00e0-vis de l\u2019\u00e9volution de la race en Belgique, des chiots en question, de leurs futurs acheteurs et des chiens individuels impliqu\u00e9s dans l\u2019\u00e9levage.<\/span><\/li><\/ul><p><span style=\"color: #66462f;\">\u00a0 \u00a0 \u00a0 \u00a0 \u00a0 \u00a0 \u00a0 Wij de raad van bestuur stellen als richtprijs bij de aankoop van een pup op \u20ac 2000.<\/span><\/p><p><span style=\"color: #66462f;\"><strong>\u00a0<\/strong><\/span><\/p><ul><li><span style=\"color: #66462f;\">Chaque membre s\u2019engage \u00e0 pr\u00e9voir un logement appropri\u00e9 (pas de logement permanent dans un chenil ext\u00e9rieur), \u00e0 donner suffisamment \u00e0 boire et \u00e0 manger, \u00e0 pr\u00e9voir la d\u00e9tente et l\u2019exercice n\u00e9cessaires ainsi qu\u2019un suivi v\u00e9t\u00e9rinaire appropri\u00e9 par un m\u00e9decin v\u00e9t\u00e9rinaire.<\/span><\/li><\/ul><p><span style=\"color: #66462f;\"><strong>\u00a0<\/strong><\/span><\/p><p><span style=\"color: #d38d11;\"><strong>MALFORMATIONS MEDICALES OU GENETIQUES OU DEVIANCES DU STANDARD DE LA RACE<\/strong><\/span><\/p><ul><li class=\"translation-block\">Sinus dermo\u00efde: Le \u00absinus dermo\u00efde\u00bb est une affection dont nous savons avec certitude qu\u2019elle est partiellement d\u2019origine h\u00e9r\u00e9ditaire. La d\u00e9tection d\u2019un sinus dermo\u00efde doit se faire le plus t\u00f4t possible et de mani\u00e8re r\u00e9guli\u00e8re chez les chiots nouveau-n\u00e9s. L\u2019\u00e9leveur en est seul responsable.<\/li><\/ul><p><span style=\"color: #66462f;\"><strong>\u00a0<\/strong><\/span><\/p><p><span style=\"color: #d38d11;\"><strong>L'elevage<\/strong><\/span><\/p><p><span style=\"color: #b2520b;\"><strong>L'eleveur<\/strong><\/span><\/p><ul><li><span style=\"color: #66462f;\">L\u2019\u00e9leveur est membre depuis au moins un an du BRRC au moment de la saillie.<\/span><\/li><li><span style=\"color: #66462f;\">Les \u00e9leveurs dont c\u2019est la premi\u00e8re nich\u00e9e ou ceux qui ont peu d\u2019exp\u00e9rience dans l\u2019\u00e9levage de Rhodesian Ridgebacks sont cens\u00e9s faire conna\u00eetre leur intention de faire de l\u2019\u00e9levage au BRRC bien avant la date de la saillie.<\/span><\/li><li><span style=\"color: #66462f;\">Le BRRC proc\u00e9dera ensuite \u00e0 une visite sur place, conseillera l\u2019\u00e9leveur et l\u2019informera des attentes du club.<\/span><\/li><li><span style=\"color: #66462f;\">Ainsi, les chiots devront grandir dans une ambiance familiale, ce qui implique qu\u2019ils sont log\u00e9s de mani\u00e8re appropri\u00e9e, qu\u2019ils re\u00e7oivent suffisamment d\u2019attention et qu\u2019ils sont bien socialis\u00e9s.<\/span><\/li><\/ul><p class=\"translation-block\">L\u2019\u00e9leveur est oblig\u00e9 d\u2019inscrire les nouveaux propri\u00e9taires comme membres du BRRC. Il b\u00e9n\u00e9ficie \u00e0 cet effet d\u2019un tarif pr\u00e9f\u00e9rentiel, soit la moiti\u00e9 du tarif normal.<\/p><p class=\"translation-block\">L\u2019\u00e9leveur s\u2019engage \u00e0 tout mettre en \u0153uvre afin de trouver un autre propri\u00e9taire au cas o\u00f9 le chien lui serait rendu.<\/p><p><span style=\"color: #66462f;\"><strong>\u00a0<\/strong><\/span><\/p><p><span style=\"color: #b2520b;\"><strong>Les Parents<\/strong><\/span><\/p><p><span style=\"text-decoration: underline; color: #66462f;\"><strong>Conditions<\/strong><\/span><\/p><ul><li><span style=\"color: #66462f;\">Les deux chiens parents doivent \u00eatre porteurs d\u2019un pedigree de la SRSH (LOSH) ou de tout autre p\u00e9digr\u00e9e reconnu par la FCI, \u00eatre en bonne sant\u00e9 physique et mentale et ne pas souffrir de nervosit\u00e9 aigu\u00eb ou de tendances agressives.<\/span><\/li><li><span style=\"color: #66462f;\">Au moment de la premi\u00e8re saillie, la femelle doit avoir atteint l\u2019\u00e2ge de deux ans (24 mois) et ne pas avoir d\u00e9pass\u00e9 l\u2019\u00e2ge de cinq ans (60 mois). La femelle peut avoir au maximum 4 (quatre) nich\u00e9es jusqu\u2019\u00e0 l\u2019\u00e2ge de 8 (huit) ans au plus tard.<\/span><\/li><li><span style=\"color: #66462f;\">Une femelle peut avoir au maximum une (1) nich\u00e9e par an. S\u2019il est n\u00e9cessaire de changer la p\u00e9riode des nich\u00e9es, deux (2) nich\u00e9es en l\u2019espace d\u2019un an sont admises \u00e0 condition d\u2019accorder ensuite \u00e0 la femelle un repos de douze mois.<\/span><\/li><li><span style=\"color: #66462f;\">Le m\u00e2le doit avoir au moins 18 mois au moment de la premi\u00e8re saillie.<\/span><\/li><\/ul><p><span style=\"text-decoration: underline; color: #66462f;\"><strong>Examens m\u00e9dicaux<\/strong><\/span><\/p><p><span style=\"color: #66462f;\">Les deux parents doivent avoir subi :<\/span><\/p><ul><li><span style=\"color: #66462f;\">l\u2019examen de la dysplasie de la hanche (DH) et avoir obtenu un certificat officiel de la \u00abCommission Nationale des Affections Squelettiques\u00bb (CNAS). Sur base de cet examen, le BRRC accepte les combinaisons suivantes: A et B et toutes leurs combinaisons ;<\/span><\/li><li><span style=\"color: #66462f;\">l\u2019examen de la dysplasie du coude et avoir obtenu un certificat officiel de la \u00abCommission Nationale des Affections Squelettiques\u00bb (CNAS). Sur base de cet examen, le BRRC accepte le\njugement \u201clibre\u201d de dysplasie du coude ainsi que la combinaison de \u201cpremier degr\u00e9\u201d et \u201clibre\u201d (0\/0) chez l\u2019un des parents, \u00e0 condition qu\u2019aucun cas de dysplasie dans quelque degr\u00e9 que ce soit n\u2019ait \u00e9t\u00e9 constat\u00e9 chez les chiots n\u00e9s de ce m\u00e2le ou de cette femelle.<\/span><\/li><li><span style=\"color: #66462f;\">un test ADN de my\u00e9lopathie d\u00e9g\u00e9n\u00e9rative. Lors de la saillie, un des deux parents doit imp\u00e9rativement ne pas \u00eatre touch\u00e9 par cette affection. Pour les chiens \u00e9trangers, les r\u00e9sultats du pays de r\u00e9sidence seront pris en consid\u00e9ration.<\/span><\/li><li><span style=\"color: #66462f;\">Juvenile myoclonic epilepsie (JME) dient te gebeuren met een DNA test. Er worden geen lijders (JME\/JME) aanvaardt, dragers (N\/JME) mogen enkel gecombineerd worden met honden die de uitslag vrij (N\/N) hebben.<\/span><\/li><\/ul><p><span style=\"text-decoration: underline; color: #66462f;\"><strong>R\u00e9sultats des expositions<\/strong><\/span><\/p><p><span style=\"color: #66462f;\"><img fetchpriority=\"high\" decoding=\"async\" class=\"size-medium wp-image-553 alignright\" src=\"https:\/\/www.ridgebackclub.be\/wp-content\/uploads\/2020\/02\/foto-29-5-300x225.jpg\" alt=\"\" width=\"300\" height=\"225\" srcset=\"https:\/\/www.ridgebackclub.be\/wp-content\/uploads\/2020\/02\/foto-29-5-300x225.jpg 300w, https:\/\/www.ridgebackclub.be\/wp-content\/uploads\/2020\/02\/foto-29-5-768x576.jpg 768w, https:\/\/www.ridgebackclub.be\/wp-content\/uploads\/2020\/02\/foto-29-5.jpg 800w\" sizes=\"(max-width: 300px) 100vw, 300px\" \/>Le m\u00e2le et la femelle doivent avoir obtenu au moins deux fois la mention \u00ab excellent \u00bb, \u00e0 partir de la classe interm\u00e9diaire, \u00e0 des expositions CAC ou CACIB reconnues par la FCI.<\/span><\/p><p><span style=\"text-decoration: underline; color: #66462f;\"><strong>Etalons<\/strong><\/span><\/p><p><span style=\"color: #66462f;\">Concernant les femelles qui leur seront pr\u00e9sent\u00e9es \u00e0 la saillie, les propri\u00e9taires des \u00e9talons doivent s\u2019assurer :<\/span><\/p><ul><li><span style=\"color: #66462f;\">de leur condition g\u00e9n\u00e9rale et de leur caract\u00e8re ;<\/span><\/li><li><span style=\"color: #66462f;\">de leur origine, des r\u00e9sultats des tests de dysplasie de la hanche (DH) et du coude (DC), de my\u00e9lopathie d\u00e9g\u00e9n\u00e9rative(MD) et d\u2019\u00e9pilepsie myoclonique juv\u00e9nile (EMJ) ainsi que des r\u00e9sultats des expositions pour les femelles belges ; les femelles \u00e9trang\u00e8res doivent satisfaire aux conditions de leur pays d\u2019enregistrement ;<\/span><\/li><li><span style=\"color: #66462f;\">de disposer de tous documents requis afin d\u2019obtenir des p\u00e9digr\u00e9es de la SRSH ;<\/span><\/li><li><span style=\"color: #66462f;\">des conditions dans lesquelles la port\u00e9e \u00e9ventuelle sera \u00e9lev\u00e9e.<\/span><\/li><\/ul><p><span style=\"color: #b2520b;\"><strong>Les chiots<\/strong><\/span><\/p><ul><li><span style=\"color: #66462f;\">Au moment de quitter la nich\u00e9e, les chiots doivent \u00eatre vaccin\u00e9s, suffisamment vermifug\u00e9s, puc\u00e9s et accompagn\u00e9s d\u2019un sch\u00e9ma d\u2019alimentation.<\/span><\/li><li><span style=\"color: #66462f;\">Tous les chiots doivent \u00eatre enregistr\u00e9s aupr\u00e8s de la SRSH et de l\u2019ABIEC.<\/span><\/li><li><span style=\"color: #66462f;\">Les chiots ne peuvent pas \u00eatre vendus par l\u2019interm\u00e9diaire de commer\u00e7ants, de \u00ab pet shops \u00bb ou de sites pour chiens sur internet non li\u00e9s \u00e0 l\u2019\u00e9leveur. Ils sont vendus directement aux propri\u00e9taires par l\u2019\u00e9leveur ; ce dernier s\u2019assure que les propri\u00e9taires disposent des facilit\u00e9s, du temps et de la volont\u00e9 n\u00e9cessaires pour \u00e9lever et appr\u00e9cier ce grand chien actif mais sensible, et lui donner suffisamment d\u2019exercice.<\/span><\/li><\/ul><p><span style=\"color: #b2520b;\"><strong>Inventaire des nich\u00e9es<\/strong><\/span><\/p><ul><li><span style=\"color: #66462f;\">L\u2019inventaire des nich\u00e9es a lieu lorsque les chiots sont puc\u00e9s. La m\u00e8re est obligatoirement pr\u00e9sente lors de l\u2019inventaire, sauf en cas de d\u00e9c\u00e8s.<\/span><\/li><li><span style=\"color: #66462f;\">L\u2019inventaire des nich\u00e9es est effectu\u00e9 gratuitement par une personne d\u00e9sign\u00e9e par le BRRC avant le d\u00e9part des chiots.<\/span><\/li><li><span style=\"color: #66462f;\">L\u2019inventaire des nich\u00e9es est r\u00e9serv\u00e9 aux membres r\u00e9sidant en Belgique.<\/span><\/li><li><span style=\"color: #66462f;\">Le BRRC n\u2019est pas responsable d\u2019\u00e9ventuels d\u00e9fauts chez les chiots qui n\u2019auraient pas \u00e9t\u00e9 d\u00e9tect\u00e9s par le contr\u00f4leur effectuant l\u2019inventaire. La responsabilit\u00e9 finale rel\u00e8ve toujours de l\u2019\u00e9leveur.<\/span><\/li><\/ul><p><span style=\"color: #66462f;\"><strong>\u00a0<\/strong><\/span><\/p><p><span style=\"color: #b2520b;\"><strong>Formalit\u00e9s<\/strong><\/span><\/p><p><span style=\"text-decoration: underline; color: #66462f;\"><strong>Banque de donn\u00e9es<\/strong><\/span><\/p><p><span style=\"color: #66462f;\">Afin de permettre au BRRC d\u2019\u00e9tablir une banque de donn\u00e9es des Rhodesian Ridgebacks \u00e9lev\u00e9s en Belgique, l\u2019\u00e9leveur et\/ou le propri\u00e9taire d\u2019\u00e9talon s\u2019engage explicitement \u00e0 envoyer au club :<\/span><\/p><ul><li><span style=\"color: #66462f;\">le questionnaire \u00ab donn\u00e9es concernant ma femelle ou mon \u00e9talon \u00bb d\u00fbment compl\u00e9t\u00e9 ;<\/span><\/li><li><span style=\"color: #66462f;\">une copie des p\u00e9digr\u00e9es, des tests DH, DC, MD et EMJ et des r\u00e9sultats des expositions dans le mois suivant la saillie ;<\/span><\/li><li><span style=\"color: #66462f;\">une confirmation du nombre de chiots n\u00e9s et de leur sexe dans les deux semaines apr\u00e8s la naissance de la nich\u00e9e.<\/span><\/li><\/ul><p><span style=\"text-decoration: underline; color: #66462f;\"><strong>P\u00e9digr\u00e9es<\/strong><\/span><\/p><p><span style=\"color: #66462f;\">Pour le BRRC, l\u2019\u00e9levage avec des p\u00e9digr\u00e9es des cat\u00e9gories 1 et 2 est parfaitement en r\u00e8gle. L\u2019\u00e9levage avec des p\u00e9digr\u00e9es de la cat\u00e9gorie 3 doit faire l\u2019objet d\u2019une demande pr\u00e9alable d\u00fbment motiv\u00e9e. Le BRRC d\u00e9cidera sur cette base si cette saillie peut \u00eatre accept\u00e9e.<\/span><\/p><p><span style=\"color: #d38d11;\"><strong>Liste des eleveurs<\/strong><\/span><\/p><p><span style=\"color: #66462f;\">La mention de l\u2019\u00e9leveur ou du propri\u00e9taire d\u2019\u00e9talon sur la liste des \u00e9leveurs et propri\u00e9taires d\u2019\u00e9talon reconnus ayant souscrit au Code \u00e9thique du BRRC est gratuite ; la liste est publi\u00e9e dans le Bulletin du BRRC et sur le site web du BRRC.<\/span><\/p><p><span style=\"color: #d38d11;\"><strong>Sanctions<\/strong><\/span><\/p><p><span style=\"color: #66462f;\">En cas de non observation du Code, la sanction consistera \u00e0 rayer pendant deux ans la mention du contrevenant de la liste des \u00e9leveurs et propri\u00e9taires d\u2019\u00e9talon reconnus ayant souscrit au Code \u00e9thique du BRRC. En cas de r\u00e9cidive, la mention sera ray\u00e9e de mani\u00e8re d\u00e9finitive.<\/span><\/p><p><span style=\"color: #66462f;\">Le Conseil d\u2019administration du club d\u00e9cidera des cas non pr\u00e9vus au r\u00e8glement.<\/span><\/p><p><span style=\"color: #d38d11;\"><strong>DEROGATIONS<\/strong><\/span><\/p><p><span style=\"color: #66462f;\">Toute demande d\u00e9rogation du pr\u00e9sent Code doit \u00eatre pr\u00e9sent\u00e9e au conseil d\u2019administration par lettre recommand\u00e9e avant la date de la saillie et doit \u00eatre accompagn\u00e9e d\u2019une argumentation fond\u00e9e et d\u00e9taill\u00e9e. Le dossier complet doit \u00eatre adress\u00e9 au secr\u00e9tariat.<\/span><\/p><p><span style=\"color: #66462f;\">Le conseil d\u2019administration examinera la demande et prendra une d\u00e9cision, qui pourra faire l\u2019objet d\u2019un recours.<\/span><\/p><p><span style=\"color: #66462f;\"><strong>\u00a0<\/strong><\/span><\/p>\t\t\t\t\t\t\t\t<\/div>\n\t\t\t\t<\/div>\n\t\t\t\t\t<\/div>\n\t\t<\/div>\n\t\t\t\t\t<\/div>\n\t\t<\/section>\n\t\t\t\t<\/div>","protected":false},"excerpt":{"rendered":"<p>Ethische code Doelstelling De BRRC zet zich mee in voor het fokken van mentaal en fysisch gezonde Rhodesian Ridgebacks met behoud van de kwaliteiten eigen aan het RR-ras. Iedere RR eigenaar die een teef laat dekken of een reu toelaat te dekken, draagt een belangrijke verantwoordelijkheid in de toekomst van het ras. Dit betekent een [&hellip;]<\/p>\n","protected":false},"author":1,"featured_media":0,"parent":0,"menu_order":0,"comment_status":"closed","ping_status":"closed","template":"elementor_header_footer","meta":{"footnotes":""},"_links":{"self":[{"href":"https:\/\/www.ridgebackclub.be\/fr\/wp-json\/wp\/v2\/pages\/25"}],"collection":[{"href":"https:\/\/www.ridgebackclub.be\/fr\/wp-json\/wp\/v2\/pages"}],"about":[{"href":"https:\/\/www.ridgebackclub.be\/fr\/wp-json\/wp\/v2\/types\/page"}],"author":[{"embeddable":true,"href":"https:\/\/www.ridgebackclub.be\/fr\/wp-json\/wp\/v2\/users\/1"}],"replies":[{"embeddable":true,"href":"https:\/\/www.ridgebackclub.be\/fr\/wp-json\/wp\/v2\/comments?post=25"}],"version-history":[{"count":31,"href":"https:\/\/www.ridgebackclub.be\/fr\/wp-json\/wp\/v2\/pages\/25\/revisions"}],"predecessor-version":[{"id":2189,"href":"https:\/\/www.ridgebackclub.be\/fr\/wp-json\/wp\/v2\/pages\/25\/revisions\/2189"}],"wp:attachment":[{"href":"https:\/\/www.ridgebackclub.be\/fr\/wp-json\/wp\/v2\/media?parent=25"}],"curies":[{"name":"wp","href":"https:\/\/api.w.org\/{rel}","templated":true}]}}