{"id":29,"date":"2020-01-19T09:52:49","date_gmt":"2020-01-19T09:52:49","guid":{"rendered":"https:\/\/www.ridgebackclub.be\/?page_id=29"},"modified":"2025-11-06T16:32:45","modified_gmt":"2025-11-06T16:32:45","slug":"herplaatsers","status":"publish","type":"page","link":"https:\/\/www.ridgebackclub.be\/fr\/herplaatsers\/","title":{"rendered":"Adoptions"},"content":{"rendered":"<div data-elementor-type=\"wp-page\" data-elementor-id=\"29\" class=\"elementor elementor-29\">\n\t\t\t\t\t\t<section class=\"elementor-section elementor-top-section elementor-element elementor-element-7cbb21a elementor-section-boxed elementor-section-height-default elementor-section-height-default\" data-id=\"7cbb21a\" data-element_type=\"section\">\n\t\t\t\t\t\t<div class=\"elementor-container elementor-column-gap-default\">\n\t\t\t\t\t<div class=\"elementor-column elementor-col-100 elementor-top-column elementor-element elementor-element-59c1571\" data-id=\"59c1571\" data-element_type=\"column\">\n\t\t\t<div class=\"elementor-widget-wrap elementor-element-populated\">\n\t\t\t\t\t\t<div class=\"elementor-element elementor-element-4f1912d elementor-widget elementor-widget-heading\" data-id=\"4f1912d\" data-element_type=\"widget\" data-widget_type=\"heading.default\">\n\t\t\t\t<div class=\"elementor-widget-container\">\n\t\t\t\t\t<h2 class=\"elementor-heading-title elementor-size-default\">Adoptions<\/h2>\t\t\t\t<\/div>\n\t\t\t\t<\/div>\n\t\t\t\t\t<\/div>\n\t\t<\/div>\n\t\t\t\t\t<\/div>\n\t\t<\/section>\n\t\t\t\t<section class=\"elementor-section elementor-top-section elementor-element elementor-element-f8abefd elementor-section-boxed elementor-section-height-default elementor-section-height-default\" data-id=\"f8abefd\" data-element_type=\"section\">\n\t\t\t\t\t\t<div class=\"elementor-container elementor-column-gap-default\">\n\t\t\t\t\t<div class=\"elementor-column elementor-col-100 elementor-top-column elementor-element elementor-element-39d7bf4\" data-id=\"39d7bf4\" data-element_type=\"column\">\n\t\t\t<div class=\"elementor-widget-wrap elementor-element-populated\">\n\t\t\t\t\t\t<div class=\"elementor-element elementor-element-d7a2dae elementor-arrows-position-inside elementor-pagination-position-outside elementor-widget elementor-widget-image-carousel\" data-id=\"d7a2dae\" data-element_type=\"widget\" data-settings=\"{&quot;slides_to_show&quot;:&quot;6&quot;,&quot;slides_to_show_mobile&quot;:&quot;2&quot;,&quot;navigation&quot;:&quot;both&quot;,&quot;autoplay&quot;:&quot;yes&quot;,&quot;pause_on_hover&quot;:&quot;yes&quot;,&quot;pause_on_interaction&quot;:&quot;yes&quot;,&quot;autoplay_speed&quot;:5000,&quot;infinite&quot;:&quot;yes&quot;,&quot;speed&quot;:500}\" data-widget_type=\"image-carousel.default\">\n\t\t\t\t<div class=\"elementor-widget-container\">\n\t\t\t\t\t\t\t<div class=\"elementor-image-carousel-wrapper swiper\" role=\"region\" aria-roledescription=\"carousel\" aria-label=\"Carrousel afbeelding\" dir=\"ltr\">\n\t\t\t<div class=\"elementor-image-carousel swiper-wrapper\" aria-live=\"off\">\n\t\t\t\t\t\t\t\t<div class=\"swiper-slide\" role=\"group\" aria-roledescription=\"slide\" aria-label=\"1 sur 18\"><figure class=\"swiper-slide-inner\"><img decoding=\"async\" class=\"swiper-slide-image\" src=\"https:\/\/www.ridgebackclub.be\/wp-content\/uploads\/2020\/02\/84623111_185788572679554_4752431001500647424_n-150x150.jpg\" alt=\"84623111_185788572679554_4752431001500647424_n\" \/><\/figure><\/div><div class=\"swiper-slide\" role=\"group\" aria-roledescription=\"slide\" aria-label=\"2 sur 18\"><figure class=\"swiper-slide-inner\"><img decoding=\"async\" class=\"swiper-slide-image\" src=\"https:\/\/www.ridgebackclub.be\/wp-content\/uploads\/2020\/02\/84617674_653281718765037_4590157932942852096_n-150x150.jpg\" alt=\"84617674_653281718765037_4590157932942852096_n\" \/><\/figure><\/div><div class=\"swiper-slide\" role=\"group\" aria-roledescription=\"slide\" aria-label=\"3 sur 18\"><figure class=\"swiper-slide-inner\"><img decoding=\"async\" class=\"swiper-slide-image\" src=\"https:\/\/www.ridgebackclub.be\/wp-content\/uploads\/2020\/02\/84609421_193987248680883_9218663674661568512_n-150x150.jpg\" alt=\"84609421_193987248680883_9218663674661568512_n\" \/><\/figure><\/div><div class=\"swiper-slide\" role=\"group\" aria-roledescription=\"slide\" aria-label=\"4 sur 18\"><figure class=\"swiper-slide-inner\"><img decoding=\"async\" class=\"swiper-slide-image\" src=\"https:\/\/www.ridgebackclub.be\/wp-content\/uploads\/2020\/02\/84607394_2551614718386168_5632158423912022016_n-150x150.jpg\" alt=\"84607394_2551614718386168_5632158423912022016_n\" \/><\/figure><\/div><div class=\"swiper-slide\" role=\"group\" aria-roledescription=\"slide\" aria-label=\"5 sur 18\"><figure class=\"swiper-slide-inner\"><img decoding=\"async\" class=\"swiper-slide-image\" src=\"https:\/\/www.ridgebackclub.be\/wp-content\/uploads\/2020\/02\/84231051_828842147633878_6410361048603295744_n-150x150.jpg\" alt=\"84231051_828842147633878_6410361048603295744_n\" \/><\/figure><\/div><div class=\"swiper-slide\" role=\"group\" aria-roledescription=\"slide\" aria-label=\"6 sur 18\"><figure class=\"swiper-slide-inner\"><img decoding=\"async\" class=\"swiper-slide-image\" src=\"https:\/\/www.ridgebackclub.be\/wp-content\/uploads\/2020\/02\/87772080_203662314048265_2540482741951004672_n-150x150.jpg\" alt=\"87772080_203662314048265_2540482741951004672_n\" \/><\/figure><\/div><div class=\"swiper-slide\" role=\"group\" aria-roledescription=\"slide\" aria-label=\"7 sur 18\"><figure class=\"swiper-slide-inner\"><img decoding=\"async\" class=\"swiper-slide-image\" src=\"https:\/\/www.ridgebackclub.be\/wp-content\/uploads\/2020\/02\/87516853_2576940175884293_9104185423080456192_n-150x150.jpg\" alt=\"87516853_2576940175884293_9104185423080456192_n\" \/><\/figure><\/div><div class=\"swiper-slide\" role=\"group\" aria-roledescription=\"slide\" aria-label=\"8 sur 18\"><figure class=\"swiper-slide-inner\"><img decoding=\"async\" class=\"swiper-slide-image\" src=\"https:\/\/www.ridgebackclub.be\/wp-content\/uploads\/2020\/02\/85226548_203541510718844_2006633725990797312_n-150x150.jpg\" alt=\"85226548_203541510718844_2006633725990797312_n\" \/><\/figure><\/div><div class=\"swiper-slide\" role=\"group\" aria-roledescription=\"slide\" aria-label=\"9 sur 18\"><figure class=\"swiper-slide-inner\"><img decoding=\"async\" class=\"swiper-slide-image\" src=\"https:\/\/www.ridgebackclub.be\/wp-content\/uploads\/2020\/02\/85183438_191558932113296_5341166254939963392_n-150x150.jpg\" alt=\"85183438_191558932113296_5341166254939963392_n\" \/><\/figure><\/div><div class=\"swiper-slide\" role=\"group\" aria-roledescription=\"slide\" aria-label=\"10 sur 18\"><figure class=\"swiper-slide-inner\"><img decoding=\"async\" class=\"swiper-slide-image\" src=\"https:\/\/www.ridgebackclub.be\/wp-content\/uploads\/2020\/02\/85139604_250035745989941_6480340488355315712_n-150x150.jpg\" alt=\"85139604_250035745989941_6480340488355315712_n\" \/><\/figure><\/div><div class=\"swiper-slide\" role=\"group\" aria-roledescription=\"slide\" aria-label=\"11 sur 18\"><figure class=\"swiper-slide-inner\"><img decoding=\"async\" class=\"swiper-slide-image\" src=\"https:\/\/www.ridgebackclub.be\/wp-content\/uploads\/2020\/02\/85071419_188049462448535_152301485936345088_n-150x150.jpg\" alt=\"85071419_188049462448535_152301485936345088_n\" \/><\/figure><\/div><div class=\"swiper-slide\" role=\"group\" aria-roledescription=\"slide\" aria-label=\"12 sur 18\"><figure class=\"swiper-slide-inner\"><img decoding=\"async\" class=\"swiper-slide-image\" src=\"https:\/\/www.ridgebackclub.be\/wp-content\/uploads\/2020\/02\/59610415625__89F1F7A9-FA0A-4905-BD68-0714300AC44C-1-150x150.jpg\" alt=\"59610415625__89F1F7A9-FA0A-4905-BD68-0714300AC44C\" \/><\/figure><\/div><div class=\"swiper-slide\" role=\"group\" aria-roledescription=\"slide\" aria-label=\"13 sur 18\"><figure class=\"swiper-slide-inner\"><img decoding=\"async\" class=\"swiper-slide-image\" src=\"https:\/\/www.ridgebackclub.be\/wp-content\/uploads\/2020\/02\/IMG_0115-1-150x150.jpg\" alt=\"IMG_0115\" \/><\/figure><\/div><div class=\"swiper-slide\" role=\"group\" aria-roledescription=\"slide\" aria-label=\"14 sur 18\"><figure class=\"swiper-slide-inner\"><img decoding=\"async\" class=\"swiper-slide-image\" src=\"https:\/\/www.ridgebackclub.be\/wp-content\/uploads\/2020\/02\/IMG_0205-1-150x150.jpg\" alt=\"IMG_0205\" \/><\/figure><\/div><div class=\"swiper-slide\" role=\"group\" aria-roledescription=\"slide\" aria-label=\"15 sur 18\"><figure class=\"swiper-slide-inner\"><img decoding=\"async\" class=\"swiper-slide-image\" src=\"https:\/\/www.ridgebackclub.be\/wp-content\/uploads\/2020\/02\/IMG_0234-1-150x150.jpg\" alt=\"IMG_0234\" \/><\/figure><\/div><div class=\"swiper-slide\" role=\"group\" aria-roledescription=\"slide\" aria-label=\"16 sur 18\"><figure class=\"swiper-slide-inner\"><img decoding=\"async\" class=\"swiper-slide-image\" src=\"https:\/\/www.ridgebackclub.be\/wp-content\/uploads\/2020\/02\/IMG_0516-1-150x150.jpg\" alt=\"IMG_0516\" \/><\/figure><\/div><div class=\"swiper-slide\" role=\"group\" aria-roledescription=\"slide\" aria-label=\"17 sur 18\"><figure class=\"swiper-slide-inner\"><img decoding=\"async\" class=\"swiper-slide-image\" src=\"https:\/\/www.ridgebackclub.be\/wp-content\/uploads\/2020\/02\/IMG_0805-1-150x150.jpg\" alt=\"IMG_0805\" \/><\/figure><\/div><div class=\"swiper-slide\" role=\"group\" aria-roledescription=\"slide\" aria-label=\"18 sur 18\"><figure class=\"swiper-slide-inner\"><img decoding=\"async\" class=\"swiper-slide-image\" src=\"https:\/\/www.ridgebackclub.be\/wp-content\/uploads\/2020\/02\/IMG_0806-1-150x150.jpg\" alt=\"IMG_0806\" \/><\/figure><\/div>\t\t\t<\/div>\n\t\t\t\t\t\t\t\t\t\t\t\t<div class=\"elementor-swiper-button elementor-swiper-button-prev\" role=\"button\" tabindex=\"0\">\n\t\t\t\t\t\t<i aria-hidden=\"true\" class=\"eicon-chevron-left\"><\/i>\t\t\t\t\t<\/div>\n\t\t\t\t\t<div class=\"elementor-swiper-button elementor-swiper-button-next\" role=\"button\" tabindex=\"0\">\n\t\t\t\t\t\t<i aria-hidden=\"true\" class=\"eicon-chevron-right\"><\/i>\t\t\t\t\t<\/div>\n\t\t\t\t\n\t\t\t\t\t\t\t\t\t<div class=\"swiper-pagination\"><\/div>\n\t\t\t\t\t\t\t\t\t<\/div>\n\t\t\t\t\t\t<\/div>\n\t\t\t\t<\/div>\n\t\t\t\t<div class=\"elementor-element elementor-element-0c644b9 elementor-widget elementor-widget-text-editor\" data-id=\"0c644b9\" data-element_type=\"widget\" data-widget_type=\"text-editor.default\">\n\t\t\t\t<div class=\"elementor-widget-container\">\n\t\t\t\t\t\t\t\t\t<p><span style=\"color: #66462f;\">We zouden graag hebben dat onze soulmates hun ganse leven bij ons kunnen blijven. Maar spijtig genoeg zijn er soms omstandigheden die dit onmogelijk maken.<\/span><\/p><p><span style=\"color: #66462f;\">Apr\u00e8s avoir explor\u00e9 toutes les pistes, l\u2019adoption reste parfois la seule possibilit\u00e9.<\/span><\/p><p><span style=\"color: #66462f;\">Voor herplaatsingen werkt de BRRC samen met RR Rescue Belgium (<a href=\"https:\/\/kirafiki.be\/\">www.kirafiki.be<\/a>)<\/span><\/p><p><span style=\"color: #66462f;\">Deze vzw herplaatst, voornamelijk Rhodesian Ridgebacks, hun pluspunt is, dat zij de hond volledig opvolgen van bij de eigenaar tot adoptant en ook na adoptie nog begeleiding geven.<\/span><\/p><p class=\"translation-block\">Au cas o\u00f9, d\u00fb aux circonstances, vous envisagez de faire adopter votre Ridgeback, nous vous invitons \u00e0 prendre contact avec Anne Turfkruijer (responsable des adoptions au sein du BRRC\/t\u00e9l. portable : +32 499 73 13 74) ou \u00e0 envoyer un e-mail \u00e0 : kirafiki.rescue@gmail.com pour plus d\u2019information sur leur m\u00e9thode de travail.<\/p>\t\t\t\t\t\t\t\t<\/div>\n\t\t\t\t<\/div>\n\t\t\t\t<div class=\"elementor-element elementor-element-37ec186 elementor-widget elementor-widget-text-editor\" data-id=\"37ec186\" data-element_type=\"widget\" data-widget_type=\"text-editor.default\">\n\t\t\t\t<div class=\"elementor-widget-container\">\n\t\t\t\t\t\t\t\t\t<h3>Klik <a href=\"https:\/\/kirafiki.be\/adoptiehonden\">HIER<\/a> voor de link naar info over herplaatsers.<\/h3>\t\t\t\t\t\t\t\t<\/div>\n\t\t\t\t<\/div>\n\t\t\t\t<section class=\"elementor-section elementor-inner-section elementor-element elementor-element-cb82964 elementor-section-boxed elementor-section-height-default elementor-section-height-default\" data-id=\"cb82964\" data-element_type=\"section\">\n\t\t\t\t\t\t<div class=\"elementor-container elementor-column-gap-default\">\n\t\t\t\t\t<div class=\"elementor-column elementor-col-50 elementor-inner-column elementor-element elementor-element-ebfa55e\" data-id=\"ebfa55e\" data-element_type=\"column\">\n\t\t\t<div class=\"elementor-widget-wrap\">\n\t\t\t\t\t\t\t<\/div>\n\t\t<\/div>\n\t\t\t\t<div class=\"elementor-column elementor-col-50 elementor-inner-column elementor-element elementor-element-736869b\" data-id=\"736869b\" data-element_type=\"column\">\n\t\t\t<div class=\"elementor-widget-wrap\">\n\t\t\t\t\t\t\t<\/div>\n\t\t<\/div>\n\t\t\t\t\t<\/div>\n\t\t<\/section>\n\t\t\t\t\t<\/div>\n\t\t<\/div>\n\t\t\t\t\t<\/div>\n\t\t<\/section>\n\t\t\t\t<section class=\"elementor-section elementor-top-section elementor-element elementor-element-c94f497 elementor-section-boxed elementor-section-height-default elementor-section-height-default\" data-id=\"c94f497\" data-element_type=\"section\">\n\t\t\t\t\t\t<div class=\"elementor-container elementor-column-gap-default\">\n\t\t\t\t\t<div class=\"elementor-column elementor-col-100 elementor-top-column elementor-element elementor-element-6bd8209\" data-id=\"6bd8209\" data-element_type=\"column\">\n\t\t\t<div class=\"elementor-widget-wrap elementor-element-populated\">\n\t\t\t\t\t\t<section class=\"elementor-section elementor-inner-section elementor-element elementor-element-b6a01d6 elementor-section-boxed elementor-section-height-default elementor-section-height-default\" data-id=\"b6a01d6\" data-element_type=\"section\">\n\t\t\t\t\t\t<div class=\"elementor-container elementor-column-gap-default\">\n\t\t\t\t\t<div class=\"elementor-column elementor-col-50 elementor-inner-column elementor-element elementor-element-f01f822\" data-id=\"f01f822\" data-element_type=\"column\">\n\t\t\t<div class=\"elementor-widget-wrap\">\n\t\t\t\t\t\t\t<\/div>\n\t\t<\/div>\n\t\t\t\t<div class=\"elementor-column elementor-col-50 elementor-inner-column elementor-element elementor-element-12c342a\" data-id=\"12c342a\" data-element_type=\"column\">\n\t\t\t<div class=\"elementor-widget-wrap\">\n\t\t\t\t\t\t\t<\/div>\n\t\t<\/div>\n\t\t\t\t\t<\/div>\n\t\t<\/section>\n\t\t\t\t<section class=\"elementor-section elementor-inner-section elementor-element elementor-element-51525a7 elementor-section-boxed elementor-section-height-default elementor-section-height-default\" data-id=\"51525a7\" data-element_type=\"section\">\n\t\t\t\t\t\t<div class=\"elementor-container elementor-column-gap-default\">\n\t\t\t\t\t<div class=\"elementor-column elementor-col-50 elementor-inner-column elementor-element elementor-element-af13d00\" data-id=\"af13d00\" data-element_type=\"column\">\n\t\t\t<div class=\"elementor-widget-wrap\">\n\t\t\t\t\t\t\t<\/div>\n\t\t<\/div>\n\t\t\t\t<div class=\"elementor-column elementor-col-50 elementor-inner-column elementor-element elementor-element-54916fe\" data-id=\"54916fe\" data-element_type=\"column\">\n\t\t\t<div class=\"elementor-widget-wrap\">\n\t\t\t\t\t\t\t<\/div>\n\t\t<\/div>\n\t\t\t\t\t<\/div>\n\t\t<\/section>\n\t\t\t\t\t<\/div>\n\t\t<\/div>\n\t\t\t\t\t<\/div>\n\t\t<\/section>\n\t\t\t\t<\/div>","protected":false},"excerpt":{"rendered":"<p>Herplaatsers We zouden graag hebben dat onze soulmates hun ganse leven bij ons kunnen blijven. Maar spijtig genoeg zijn er soms omstandigheden die dit onmogelijk maken. Herplaatsing is dan, na alle mogelijke pistes onderzocht te hebben, de enige mogelijkheid. Voor herplaatsingen werkt de BRRC samen met RR Rescue Belgium (www.kirafiki.be) Deze vzw herplaatst, voornamelijk Rhodesian [&hellip;]<\/p>\n","protected":false},"author":1,"featured_media":0,"parent":0,"menu_order":0,"comment_status":"closed","ping_status":"closed","template":"elementor_header_footer","meta":{"footnotes":""},"_links":{"self":[{"href":"https:\/\/www.ridgebackclub.be\/fr\/wp-json\/wp\/v2\/pages\/29"}],"collection":[{"href":"https:\/\/www.ridgebackclub.be\/fr\/wp-json\/wp\/v2\/pages"}],"about":[{"href":"https:\/\/www.ridgebackclub.be\/fr\/wp-json\/wp\/v2\/types\/page"}],"author":[{"embeddable":true,"href":"https:\/\/www.ridgebackclub.be\/fr\/wp-json\/wp\/v2\/users\/1"}],"replies":[{"embeddable":true,"href":"https:\/\/www.ridgebackclub.be\/fr\/wp-json\/wp\/v2\/comments?post=29"}],"version-history":[{"count":142,"href":"https:\/\/www.ridgebackclub.be\/fr\/wp-json\/wp\/v2\/pages\/29\/revisions"}],"predecessor-version":[{"id":2332,"href":"https:\/\/www.ridgebackclub.be\/fr\/wp-json\/wp\/v2\/pages\/29\/revisions\/2332"}],"wp:attachment":[{"href":"https:\/\/www.ridgebackclub.be\/fr\/wp-json\/wp\/v2\/media?parent=29"}],"curies":[{"name":"wp","href":"https:\/\/api.w.org\/{rel}","templated":true}]}}