{"id":38,"date":"2020-01-19T09:52:49","date_gmt":"2020-01-19T09:52:49","guid":{"rendered":"http:\/\/www.ridgebackclub.be\/?page_id=38"},"modified":"2020-06-02T18:46:58","modified_gmt":"2020-06-02T18:46:58","slug":"home","status":"publish","type":"page","link":"https:\/\/www.ridgebackclub.be\/fr\/home\/","title":{"rendered":"Accueil"},"content":{"rendered":"<div data-elementor-type=\"wp-page\" data-elementor-id=\"38\" class=\"elementor elementor-38\">\n\t\t\t\t\t\t<section class=\"elementor-section elementor-top-section elementor-element elementor-element-d318c76 elementor-section-boxed elementor-section-height-default elementor-section-height-default\" data-id=\"d318c76\" data-element_type=\"section\">\n\t\t\t\t\t\t<div class=\"elementor-container elementor-column-gap-default\">\n\t\t\t\t\t<div class=\"elementor-column elementor-col-100 elementor-top-column elementor-element elementor-element-53dc1b3\" data-id=\"53dc1b3\" data-element_type=\"column\">\n\t\t\t<div class=\"elementor-widget-wrap elementor-element-populated\">\n\t\t\t\t\t\t<div class=\"elementor-element elementor-element-cafd809 elementor-widget elementor-widget-heading\" data-id=\"cafd809\" data-element_type=\"widget\" data-widget_type=\"heading.default\">\n\t\t\t\t<div class=\"elementor-widget-container\">\n\t\t\t\t\t<h2 class=\"elementor-heading-title elementor-size-default\">Accueil<\/h2>\t\t\t\t<\/div>\n\t\t\t\t<\/div>\n\t\t\t\t<div class=\"elementor-element elementor-element-64145c2 elementor-widget elementor-widget-text-editor\" data-id=\"64145c2\" data-element_type=\"widget\" data-widget_type=\"text-editor.default\">\n\t\t\t\t<div class=\"elementor-widget-container\">\n\t\t\t\t\t\t\t\t\t<p>Chers \u00e9leveurs,<\/p><p>Les mesures prises contre la pand\u00e9mie ayant \u00e9t\u00e9 r\u00e9cemment assouplies, nous souhaitons actualiser notre avis au sujet de l\u2019\u00e9levage pendant la crise sanitaire.<\/p><p><strong>A partir du mois de juin, les saillies sont \u00e0 nouveau autoris\u00e9es.<\/strong><\/p><p>Nous comptons largement sur le bon sens des \u00e9leveurs, qui doivent tout mettre en \u0153uvre afin que les saillies aient lieu en toute s\u00e9curit\u00e9. Nous rappelons que l\u2019avenir reste tr\u00e8s incertain et qu\u2019il n\u2019est pas exclu que des mesures plus restrictives soient applicables \u00e0 l\u2019automne.<\/p><p>Nous continuons \u00e0 suivre la situation ainsi que les recommandations du gouvernement en nous vous tiendrons inform\u00e9s en cas de besoin.<\/p><p>Le conseil d\u2019administration du BRRC<\/p>\t\t\t\t\t\t\t\t<\/div>\n\t\t\t\t<\/div>\n\t\t\t\t\t<\/div>\n\t\t<\/div>\n\t\t\t\t\t<\/div>\n\t\t<\/section>\n\t\t\t\t<section class=\"elementor-section elementor-top-section elementor-element elementor-element-8cd095e elementor-section-boxed elementor-section-height-default elementor-section-height-default\" data-id=\"8cd095e\" data-element_type=\"section\">\n\t\t\t\t\t\t<div class=\"elementor-container elementor-column-gap-default\">\n\t\t\t\t\t<div class=\"elementor-column elementor-col-100 elementor-top-column elementor-element elementor-element-dea7142\" data-id=\"dea7142\" data-element_type=\"column\">\n\t\t\t<div class=\"elementor-widget-wrap elementor-element-populated\">\n\t\t\t\t\t\t<div class=\"elementor-element elementor-element-8a6c174 elementor-widget elementor-widget-heading\" data-id=\"8a6c174\" data-element_type=\"widget\" data-widget_type=\"heading.default\">\n\t\t\t\t<div class=\"elementor-widget-container\">\n\t\t\t\t\t<h3 class=\"elementor-heading-title elementor-size-default\">De nous<\/h3>\t\t\t\t<\/div>\n\t\t\t\t<\/div>\n\t\t\t\t<div class=\"elementor-element elementor-element-988cc04 elementor-widget elementor-widget-image\" data-id=\"988cc04\" data-element_type=\"widget\" data-widget_type=\"image.default\">\n\t\t\t\t<div class=\"elementor-widget-container\">\n\t\t\t\t\t\t\t\t\t\t\t\t\t\t\t<img fetchpriority=\"high\" decoding=\"async\" width=\"580\" height=\"265\" src=\"https:\/\/www.ridgebackclub.be\/wp-content\/uploads\/2020\/03\/Presentatie13.png\" class=\"attachment-large size-large wp-image-845\" alt=\"\" srcset=\"https:\/\/www.ridgebackclub.be\/wp-content\/uploads\/2020\/03\/Presentatie13.png 827w, https:\/\/www.ridgebackclub.be\/wp-content\/uploads\/2020\/03\/Presentatie13-300x137.png 300w, https:\/\/www.ridgebackclub.be\/wp-content\/uploads\/2020\/03\/Presentatie13-768x351.png 768w\" sizes=\"(max-width: 580px) 100vw, 580px\" \/>\t\t\t\t\t\t\t\t\t\t\t\t\t\t\t<\/div>\n\t\t\t\t<\/div>\n\t\t\t\t<div class=\"elementor-element elementor-element-803b465 elementor-widget elementor-widget-text-editor\" data-id=\"803b465\" data-element_type=\"widget\" data-widget_type=\"text-editor.default\">\n\t\t\t\t<div class=\"elementor-widget-container\">\n\t\t\t\t\t\t\t\t\t<p><span style=\"color: #66462f;\">Le RhodesianRidgeback, un chien extr\u00eamement puissant, d\u00e9vou\u00e9 et courageux.<\/span><\/p><p><span style=\"color: #66462f;\">Un chien noble au caract\u00e8re ind\u00e9pendant qui prend \u00e0 coeur ses responsabilit\u00e9s en tant que<\/span><br \/><span style=\"color: #66462f;\">compagnon, protecteur et membre de la famille.<\/span><\/p><p><span style=\"color: #66462f;\">Il n\u2019oublie jamais les marques d\u2019affection et de compr\u00e9hension, mais ne pardonne pas ais\u00e9ment un traitement rude.<\/span><\/p><p><span style=\"color: #66462f;\">Il affectionne son r\u00f4le de chasseur et de compagnon de l\u2019homme.<\/span><\/p><p><strong><span style=\"color: #66462f;\">NOTRE CLUB A POUR OBJECTIF :<\/span><\/strong><\/p><ol><li><span style=\"color: #66462f;\">De contribuer \u00e0 l\u2019am\u00e9lioration de la race, en stimulant la sant\u00e9 l\u2019\u00e9levage de chien sains.<\/span><\/li><li><span style=\"color: #66462f;\">D\u2019offrir \u00e0 nos \u00e9leveurs assistance et information.<\/span><\/li><li><span style=\"color: #66462f;\">D\u2019informer et d\u2019aider les acheteurs potentiels de chiots.<\/span><\/li><li><span style=\"color: #66462f;\">D\u2019aider, en cas de besoin, \u00e0 la recherche d\u2019une famille d\u2019accueil.<\/span><\/li><li><span style=\"color: #66462f;\">De rassembler nos membres dans une ambiance conviviale en organisant<\/span><br \/><span style=\"color: #66462f;\">des promenades, des  journ\u00e9es pour jeunes chiens, des conf\u00e9rences, des expositions canines, etc.<\/span><br \/><span style=\"color: #66462f;\">afin d\u2019\u00e9changer id\u00e9es et exp\u00e9rience.<\/span><\/li><\/ol><p><span style=\"color: #66462f;\">Nous sommes ouverts \u00e0 de nouvelles id\u00e9es, \u00e0 l\u2019organisation de conf\u00e9rences et \u00e0 la publication d\u2019articles dans notre magazine, etc...<\/span><\/p><p><span style=\"color: #66462f;\">En esp\u00e9rant vous rencontrer bient\u00f4t!<\/span><\/p><p><span style=\"color: #66462f;\">Anne Grammet<\/span><\/p>\t\t\t\t\t\t\t\t<\/div>\n\t\t\t\t<\/div>\n\t\t\t\t\t<\/div>\n\t\t<\/div>\n\t\t\t\t\t<\/div>\n\t\t<\/section>\n\t\t\t\t<section class=\"elementor-section elementor-top-section elementor-element elementor-element-9a5de1d elementor-section-boxed elementor-section-height-default elementor-section-height-default\" data-id=\"9a5de1d\" data-element_type=\"section\">\n\t\t\t\t\t\t<div class=\"elementor-container elementor-column-gap-default\">\n\t\t\t\t\t<div class=\"elementor-column elementor-col-100 elementor-top-column elementor-element elementor-element-fc95b98\" data-id=\"fc95b98\" data-element_type=\"column\">\n\t\t\t<div class=\"elementor-widget-wrap elementor-element-populated\">\n\t\t\t\t\t\t<div class=\"elementor-element elementor-element-fbeda74 elementor-widget elementor-widget-image\" data-id=\"fbeda74\" data-element_type=\"widget\" data-widget_type=\"image.default\">\n\t\t\t\t<div class=\"elementor-widget-container\">\n\t\t\t\t\t\t\t\t\t\t\t\t\t\t\t\t<a href=\"http:\/\/www.klowigraphicdesign.be\/\">\n\t\t\t\t\t\t\t<img decoding=\"async\" width=\"150\" height=\"150\" src=\"https:\/\/www.ridgebackclub.be\/wp-content\/uploads\/2020\/01\/logo-klowridgebacl-150x150.png\" class=\"attachment-thumbnail size-thumbnail wp-image-420\" alt=\"\" srcset=\"https:\/\/www.ridgebackclub.be\/wp-content\/uploads\/2020\/01\/logo-klowridgebacl-150x150.png 150w, https:\/\/www.ridgebackclub.be\/wp-content\/uploads\/2020\/01\/logo-klowridgebacl-300x300.png 300w, https:\/\/www.ridgebackclub.be\/wp-content\/uploads\/2020\/01\/logo-klowridgebacl.png 500w\" sizes=\"(max-width: 150px) 100vw, 150px\" \/>\t\t\t\t\t\t\t\t<\/a>\n\t\t\t\t\t\t\t\t\t\t\t\t\t\t\t<\/div>\n\t\t\t\t<\/div>\n\t\t\t\t<div class=\"elementor-element elementor-element-87d83a8 elementor-widget elementor-widget-text-editor\" data-id=\"87d83a8\" data-element_type=\"widget\" data-widget_type=\"text-editor.default\">\n\t\t\t\t<div class=\"elementor-widget-container\">\n\t\t\t\t\t\t\t\t\t<p>Website made by: <a href=\"http:\/\/www.KLOWIgraphicdesign.be\">www.KLOWIgraphicdesign.be<\/a><\/p>\t\t\t\t\t\t\t\t<\/div>\n\t\t\t\t<\/div>\n\t\t\t\t\t<\/div>\n\t\t<\/div>\n\t\t\t\t\t<\/div>\n\t\t<\/section>\n\t\t\t\t<\/div>","protected":false},"excerpt":{"rendered":"<p>Home Beste fokkers Naar aanleiding van de recente versoepeling van de Corona-maatregelen willen wij graag ons advies aangaande fokken tijdens de Coronacrisis actualiseren. Vanaf juni mogen er opnieuw dekkingen plaatsvinden. Wij appelleren dan ook grotendeels aan het gezond verstand van de fokker, die er alles aan zal doen dat de dekking in veilige omstandigheden kan [&hellip;]<\/p>\n","protected":false},"author":1,"featured_media":0,"parent":0,"menu_order":0,"comment_status":"closed","ping_status":"closed","template":"elementor_header_footer","meta":{"footnotes":""},"_links":{"self":[{"href":"https:\/\/www.ridgebackclub.be\/fr\/wp-json\/wp\/v2\/pages\/38"}],"collection":[{"href":"https:\/\/www.ridgebackclub.be\/fr\/wp-json\/wp\/v2\/pages"}],"about":[{"href":"https:\/\/www.ridgebackclub.be\/fr\/wp-json\/wp\/v2\/types\/page"}],"author":[{"embeddable":true,"href":"https:\/\/www.ridgebackclub.be\/fr\/wp-json\/wp\/v2\/users\/1"}],"replies":[{"embeddable":true,"href":"https:\/\/www.ridgebackclub.be\/fr\/wp-json\/wp\/v2\/comments?post=38"}],"version-history":[{"count":52,"href":"https:\/\/www.ridgebackclub.be\/fr\/wp-json\/wp\/v2\/pages\/38\/revisions"}],"predecessor-version":[{"id":934,"href":"https:\/\/www.ridgebackclub.be\/fr\/wp-json\/wp\/v2\/pages\/38\/revisions\/934"}],"wp:attachment":[{"href":"https:\/\/www.ridgebackclub.be\/fr\/wp-json\/wp\/v2\/media?parent=38"}],"curies":[{"name":"wp","href":"https:\/\/api.w.org\/{rel}","templated":true}]}}