{"id":761,"date":"2020-03-02T10:32:42","date_gmt":"2020-03-02T10:32:42","guid":{"rendered":"https:\/\/www.ridgebackclub.be\/?page_id=761"},"modified":"2025-08-26T16:46:37","modified_gmt":"2025-08-26T16:46:37","slug":"home-2","status":"publish","type":"page","link":"https:\/\/www.ridgebackclub.be\/fr\/","title":{"rendered":"Accueil"},"content":{"rendered":"<div data-elementor-type=\"wp-page\" data-elementor-id=\"761\" class=\"elementor elementor-761\">\n\t\t\t\t\t\t<section class=\"elementor-section elementor-top-section elementor-element elementor-element-c120b04 elementor-section-boxed elementor-section-height-default elementor-section-height-default\" data-id=\"c120b04\" data-element_type=\"section\">\n\t\t\t\t\t\t<div class=\"elementor-container elementor-column-gap-default\">\n\t\t\t\t\t<div class=\"elementor-column elementor-col-100 elementor-top-column elementor-element elementor-element-8b6a0c6\" data-id=\"8b6a0c6\" data-element_type=\"column\">\n\t\t\t<div class=\"elementor-widget-wrap\">\n\t\t\t\t\t\t\t<\/div>\n\t\t<\/div>\n\t\t\t\t\t<\/div>\n\t\t<\/section>\n\t\t\t\t<section class=\"elementor-section elementor-top-section elementor-element elementor-element-2b3e454 elementor-section-boxed elementor-section-height-default elementor-section-height-default\" data-id=\"2b3e454\" data-element_type=\"section\">\n\t\t\t\t\t\t<div class=\"elementor-container elementor-column-gap-default\">\n\t\t\t\t\t<div class=\"elementor-column elementor-col-100 elementor-top-column elementor-element elementor-element-c2e3243\" data-id=\"c2e3243\" data-element_type=\"column\">\n\t\t\t<div class=\"elementor-widget-wrap elementor-element-populated\">\n\t\t\t\t\t\t<div class=\"elementor-element elementor-element-0c42e5c elementor-widget elementor-widget-heading\" data-id=\"0c42e5c\" data-element_type=\"widget\" data-widget_type=\"heading.default\">\n\t\t\t\t<div class=\"elementor-widget-container\">\n\t\t\t\t\t<h2 class=\"elementor-heading-title elementor-size-default\">Accueil<\/h2>\t\t\t\t<\/div>\n\t\t\t\t<\/div>\n\t\t\t\t<div class=\"elementor-element elementor-element-b1ed7cc elementor-align-center elementor-widget elementor-widget-button\" data-id=\"b1ed7cc\" data-element_type=\"widget\" data-widget_type=\"button.default\">\n\t\t\t\t<div class=\"elementor-widget-container\">\n\t\t\t\t\t\t\t\t\t<div class=\"elementor-button-wrapper\">\n\t\t\t\t\t<a class=\"elementor-button elementor-size-sm\" role=\"button\">\n\t\t\t\t\t\t<span class=\"elementor-button-content-wrapper\">\n\t\t\t\t\t\t\t\t\t<span class=\"elementor-button-text\">Coursing zondag 21 september in Westerlo<\/span>\n\t\t\t\t\t<\/span>\n\t\t\t\t\t<\/a>\n\t\t\t\t<\/div>\n\t\t\t\t\t\t\t\t<\/div>\n\t\t\t\t<\/div>\n\t\t\t\t<div class=\"elementor-element elementor-element-af721ea elementor-widget elementor-widget-text-editor\" data-id=\"af721ea\" data-element_type=\"widget\" data-widget_type=\"text-editor.default\">\n\t\t\t\t<div class=\"elementor-widget-container\">\n\t\t\t\t\t\t\t\t\t<p>Ga naar nieuws voor info en details !<\/p>\t\t\t\t\t\t\t\t<\/div>\n\t\t\t\t<\/div>\n\t\t\t\t\t<\/div>\n\t\t<\/div>\n\t\t\t\t\t<\/div>\n\t\t<\/section>\n\t\t\t\t<section class=\"elementor-section elementor-top-section elementor-element elementor-element-c392956 elementor-section-boxed elementor-section-height-default elementor-section-height-default\" data-id=\"c392956\" data-element_type=\"section\">\n\t\t\t\t\t\t<div class=\"elementor-container elementor-column-gap-default\">\n\t\t\t\t\t<div class=\"elementor-column elementor-col-100 elementor-top-column elementor-element elementor-element-1c2b490\" data-id=\"1c2b490\" data-element_type=\"column\">\n\t\t\t<div class=\"elementor-widget-wrap elementor-element-populated\">\n\t\t\t\t\t\t<div class=\"elementor-element elementor-element-ebcce88 elementor-widget elementor-widget-image\" data-id=\"ebcce88\" data-element_type=\"widget\" data-widget_type=\"image.default\">\n\t\t\t\t<div class=\"elementor-widget-container\">\n\t\t\t\t\t\t\t\t\t\t\t\t\t\t\t<img fetchpriority=\"high\" decoding=\"async\" width=\"2048\" height=\"1365\" src=\"https:\/\/www.ridgebackclub.be\/wp-content\/uploads\/2025\/08\/att.vO-RsIck_CTd_DVncot5T2-_PVme3kP4kMtRJABohvQ.jpeg\" class=\"attachment-2048x2048 size-2048x2048 wp-image-2284\" alt=\"\" srcset=\"https:\/\/www.ridgebackclub.be\/wp-content\/uploads\/2025\/08\/att.vO-RsIck_CTd_DVncot5T2-_PVme3kP4kMtRJABohvQ.jpeg 2048w, https:\/\/www.ridgebackclub.be\/wp-content\/uploads\/2025\/08\/att.vO-RsIck_CTd_DVncot5T2-_PVme3kP4kMtRJABohvQ-300x200.jpeg 300w, https:\/\/www.ridgebackclub.be\/wp-content\/uploads\/2025\/08\/att.vO-RsIck_CTd_DVncot5T2-_PVme3kP4kMtRJABohvQ-1024x683.jpeg 1024w, https:\/\/www.ridgebackclub.be\/wp-content\/uploads\/2025\/08\/att.vO-RsIck_CTd_DVncot5T2-_PVme3kP4kMtRJABohvQ-768x512.jpeg 768w, https:\/\/www.ridgebackclub.be\/wp-content\/uploads\/2025\/08\/att.vO-RsIck_CTd_DVncot5T2-_PVme3kP4kMtRJABohvQ-1536x1024.jpeg 1536w, https:\/\/www.ridgebackclub.be\/wp-content\/uploads\/2025\/08\/att.vO-RsIck_CTd_DVncot5T2-_PVme3kP4kMtRJABohvQ-18x12.jpeg 18w, https:\/\/www.ridgebackclub.be\/wp-content\/uploads\/2025\/08\/att.vO-RsIck_CTd_DVncot5T2-_PVme3kP4kMtRJABohvQ-1200x800.jpeg 1200w, https:\/\/www.ridgebackclub.be\/wp-content\/uploads\/2025\/08\/att.vO-RsIck_CTd_DVncot5T2-_PVme3kP4kMtRJABohvQ-1980x1320.jpeg 1980w\" sizes=\"(max-width: 2048px) 100vw, 2048px\" \/>\t\t\t\t\t\t\t\t\t\t\t\t\t\t\t<\/div>\n\t\t\t\t<\/div>\n\t\t\t\t\t<\/div>\n\t\t<\/div>\n\t\t\t\t\t<\/div>\n\t\t<\/section>\n\t\t\t\t<section class=\"elementor-section elementor-top-section elementor-element elementor-element-16f566b elementor-section-boxed elementor-section-height-default elementor-section-height-default\" data-id=\"16f566b\" data-element_type=\"section\">\n\t\t\t\t\t\t<div class=\"elementor-container elementor-column-gap-default\">\n\t\t\t\t\t<div class=\"elementor-column elementor-col-100 elementor-top-column elementor-element elementor-element-fb20629\" data-id=\"fb20629\" data-element_type=\"column\">\n\t\t\t<div class=\"elementor-widget-wrap elementor-element-populated\">\n\t\t\t\t\t\t<div class=\"elementor-element elementor-element-ca2ff98 elementor-widget elementor-widget-heading\" data-id=\"ca2ff98\" data-element_type=\"widget\" data-widget_type=\"heading.default\">\n\t\t\t\t<div class=\"elementor-widget-container\">\n\t\t\t\t\t<h3 class=\"elementor-heading-title elementor-size-default\">De nous<\/h3>\t\t\t\t<\/div>\n\t\t\t\t<\/div>\n\t\t\t\t<div class=\"elementor-element elementor-element-9a42fa6 elementor-invisible elementor-widget elementor-widget-image\" data-id=\"9a42fa6\" data-element_type=\"widget\" data-settings=\"{&quot;_animation&quot;:&quot;fadeIn&quot;}\" data-widget_type=\"image.default\">\n\t\t\t\t<div class=\"elementor-widget-container\">\n\t\t\t\t\t\t\t\t\t\t\t\t\t\t\t<img decoding=\"async\" width=\"580\" height=\"265\" src=\"https:\/\/www.ridgebackclub.be\/wp-content\/uploads\/2020\/03\/Presentatie13.png\" class=\"attachment-large size-large wp-image-845\" alt=\"\" srcset=\"https:\/\/www.ridgebackclub.be\/wp-content\/uploads\/2020\/03\/Presentatie13.png 827w, https:\/\/www.ridgebackclub.be\/wp-content\/uploads\/2020\/03\/Presentatie13-300x137.png 300w, https:\/\/www.ridgebackclub.be\/wp-content\/uploads\/2020\/03\/Presentatie13-768x351.png 768w\" sizes=\"(max-width: 580px) 100vw, 580px\" \/>\t\t\t\t\t\t\t\t\t\t\t\t\t\t\t<\/div>\n\t\t\t\t<\/div>\n\t\t\t\t<div class=\"elementor-element elementor-element-60571dc elementor-widget elementor-widget-text-editor\" data-id=\"60571dc\" data-element_type=\"widget\" data-widget_type=\"text-editor.default\">\n\t\t\t\t<div class=\"elementor-widget-container\">\n\t\t\t\t\t\t\t\t\t<p><span style=\"color: #66462f;\">Le RhodesianRidgeback, un chien extr\u00eamement puissant, d\u00e9vou\u00e9 et courageux.<\/span><\/p><p><span style=\"color: #66462f;\">Un chien noble au caract\u00e8re ind\u00e9pendant qui prend \u00e0 coeur ses responsabilit\u00e9s en tant que<\/span><br \/><span style=\"color: #66462f;\">compagnon, protecteur et membre de la famille.<\/span><\/p><p><span style=\"color: #66462f;\">Il n\u2019oublie jamais les marques d\u2019affection et de compr\u00e9hension, mais ne pardonne pas ais\u00e9ment un traitement rude.<\/span><\/p><p><span style=\"color: #66462f;\">Il affectionne son r\u00f4le de chasseur et de compagnon de l\u2019homme.<\/span><\/p><p><strong><span style=\"color: #66462f;\">NOTRE CLUB A POUR OBJECTIF :<\/span><\/strong><\/p><p><span style=\"color: #66462f;\">De contribuer \u00e0 l\u2019am\u00e9lioration de la race, en stimulant la sant\u00e9 l\u2019\u00e9levage de chien sains.<\/span><\/p><p><span style=\"color: #66462f;\">*Hulp en info bieden aan onze fokkers.<\/span><\/p><p><span style=\"color: #66462f;\">*Hulp en info bieden aan onze toekomstige puppykopers.<\/span><\/p><p><span style=\"color: #66462f;\">*Helpen bij het vinden van een nieuwe adoptiefamilie indien nodig.<\/span><\/p><p><span style=\"color: #66462f;\">*Wij willen onze leden op een gezellige manier bij elkaar brengen door middel van<\/span><br \/><span style=\"color: #66462f;\">des promenades, des  journ\u00e9es pour jeunes chiens, des conf\u00e9rences, des expositions canines, etc.<\/span><br \/><span style=\"color: #66462f;\">afin d\u2019\u00e9changer id\u00e9es et exp\u00e9rience.<\/span><\/p><p><span style=\"color: #66462f;\">Nous sommes ouverts \u00e0 de nouvelles id\u00e9es, \u00e0 l\u2019organisation de conf\u00e9rences et \u00e0 la publication d\u2019articles dans notre magazine, etc...<\/span><\/p><p><span style=\"color: #66462f;\">En esp\u00e9rant vous rencontrer bient\u00f4t!<\/span><\/p><p>Bestuur BRRC<\/p>\t\t\t\t\t\t\t\t<\/div>\n\t\t\t\t<\/div>\n\t\t\t\t<div class=\"elementor-element elementor-element-1d53f7b elementor-widget elementor-widget-image\" data-id=\"1d53f7b\" data-element_type=\"widget\" data-widget_type=\"image.default\">\n\t\t\t\t<div class=\"elementor-widget-container\">\n\t\t\t\t\t\t\t\t\t\t\t\t\t\t\t\t<a href=\"https:\/\/www.klowigraphicdesign.be\/\">\n\t\t\t\t\t\t\t<img decoding=\"async\" width=\"150\" height=\"150\" src=\"https:\/\/www.ridgebackclub.be\/wp-content\/uploads\/2020\/01\/logo-klowridgebacl-150x150.png\" class=\"attachment-thumbnail size-thumbnail wp-image-420\" alt=\"\" srcset=\"https:\/\/www.ridgebackclub.be\/wp-content\/uploads\/2020\/01\/logo-klowridgebacl-150x150.png 150w, https:\/\/www.ridgebackclub.be\/wp-content\/uploads\/2020\/01\/logo-klowridgebacl-300x300.png 300w, https:\/\/www.ridgebackclub.be\/wp-content\/uploads\/2020\/01\/logo-klowridgebacl.png 500w\" sizes=\"(max-width: 150px) 100vw, 150px\" \/>\t\t\t\t\t\t\t\t<\/a>\n\t\t\t\t\t\t\t\t\t\t\t\t\t\t\t<\/div>\n\t\t\t\t<\/div>\n\t\t\t\t\t<\/div>\n\t\t<\/div>\n\t\t\t\t\t<\/div>\n\t\t<\/section>\n\t\t\t\t<\/div>","protected":false},"excerpt":{"rendered":"<p>Home Coursing zondag 21 september in Westerlo Ga naar nieuws voor info en details ! Over ons Rhodesian Ridgeback, een hond met formidabele kracht, toewijding en moed. Een nobele hond met een onafhankelijk karakter die zijn verantwoordelijkheden vangezelschap, bescherming en familietoewijding ter harte neemt. Hij vergeet nooit liefde en begrip, noch vergeeft hij licht een [&hellip;]<\/p>\n","protected":false},"author":1,"featured_media":0,"parent":0,"menu_order":0,"comment_status":"closed","ping_status":"closed","template":"elementor_header_footer","meta":{"footnotes":""},"_links":{"self":[{"href":"https:\/\/www.ridgebackclub.be\/fr\/wp-json\/wp\/v2\/pages\/761"}],"collection":[{"href":"https:\/\/www.ridgebackclub.be\/fr\/wp-json\/wp\/v2\/pages"}],"about":[{"href":"https:\/\/www.ridgebackclub.be\/fr\/wp-json\/wp\/v2\/types\/page"}],"author":[{"embeddable":true,"href":"https:\/\/www.ridgebackclub.be\/fr\/wp-json\/wp\/v2\/users\/1"}],"replies":[{"embeddable":true,"href":"https:\/\/www.ridgebackclub.be\/fr\/wp-json\/wp\/v2\/comments?post=761"}],"version-history":[{"count":157,"href":"https:\/\/www.ridgebackclub.be\/fr\/wp-json\/wp\/v2\/pages\/761\/revisions"}],"predecessor-version":[{"id":2287,"href":"https:\/\/www.ridgebackclub.be\/fr\/wp-json\/wp\/v2\/pages\/761\/revisions\/2287"}],"wp:attachment":[{"href":"https:\/\/www.ridgebackclub.be\/fr\/wp-json\/wp\/v2\/media?parent=761"}],"curies":[{"name":"wp","href":"https:\/\/api.w.org\/{rel}","templated":true}]}}